{"id":180,"date":"2017-02-08T17:04:12","date_gmt":"2017-02-08T15:04:12","guid":{"rendered":"http:\/\/blog.art-supplement.de\/?page_id=180"},"modified":"2017-03-08T17:48:36","modified_gmt":"2017-03-08T15:48:36","slug":"heiner-bauschert","status":"publish","type":"page","link":"http:\/\/blog.art-supplement.de\/?page_id=180","title":{"rendered":"Heiner Bauschert"},"content":{"rendered":"<p>Ausstellung in G\u00f6ttinger Galerie \u201eArt Supplement\u201c<\/p>\n<h2>Holzschnitte des T\u00fcbinger K\u00fcnstlers Heiner Bauschert<\/h2>\n<div class=\"pda-article-intro\">\n<p class=\"pda-aintro-p\">In der Galerie \u201eArt Supplement\u201c ist am Sonnabend die Ausstellung \u201eHeiner Bauschert \u2013 SchwarzWei\u00df\u201c mit Holzschnitten des 1986 verstorbenen K\u00fcnstlers er\u00f6ffnet worden. Die Kuratoren Jan Jacek und Miriam Hilker haben die Schau mit dem Sammler Ulrich Nauber konzipiert.<\/p>\n<\/div>\n<div class=\"pda-hmedia pda-article-fullsize hmedia\">\n<div class=\"pda-article-lead-feature\">\n<div class=\"pda-articledate\">\n<p><a href=\"http:\/\/www.goettinger-tageblatt.de\/Kultur\/Regional\/Holzschnitte-des-Tuebinger-Kuenstlers-Heiner-Bauschert\">G\u00f6ttinger Tageblatt<\/a>:<br \/>\nArtikel ver\u00f6ffentlicht: <span class=\"dtstamp\" title=\"2017-02-05T14:31:00+01:00\">Sonntag, 05.02.2017 14:31 Uhr<br \/>\n<\/span>Artikel aktualisiert: <span class=\"updated dtstamp\" title=\"2017-02-08T00:17:07+01:00\">Mittwoch, 08.02.2017 00:17 Uhr<\/span><\/p>\n<p><img loading=\"lazy\" decoding=\"async\" class=\"alignnone wp-image-181 size-full\" src=\"http:\/\/blog.art-supplement.de\/wp-content\/uploads\/2017\/03\/Holzschnitte-des-Tuebinger-Kuenstlers-Heiner-Bauschert_pdaArticleWide.jpg\" alt=\"\" width=\"505\" height=\"336\" srcset=\"http:\/\/blog.art-supplement.de\/wp-content\/uploads\/2017\/03\/Holzschnitte-des-Tuebinger-Kuenstlers-Heiner-Bauschert_pdaArticleWide.jpg 505w, http:\/\/blog.art-supplement.de\/wp-content\/uploads\/2017\/03\/Holzschnitte-des-Tuebinger-Kuenstlers-Heiner-Bauschert_pdaArticleWide-300x200.jpg 300w\" sizes=\"auto, (max-width: 505px) 100vw, 505px\" \/><br \/>\nFoto: Heller<\/p>\n<\/div>\n<\/div>\n<\/div>\n<div class=\"pda-article-body\">\n<div id=\"articlesocial\" class=\"pda-article-socialmedia\"><b>G\u00f6ttingen<\/b>. Vor der dunklen Maserung einer unbearbeiteten Baumscheibe sieht dem Betrachter das Konterfeit des K\u00fcnstlers entgegen. Starke Linien formen das nur halb erleuchtete Gesicht. \u201eSelbst im Holz\u201c von 1980 illustriert die enge Verbundenheit Bauscherts zu seinem Ausdrucksmittel.<\/div>\n<div id=\"articlecontent\" class=\"pda-abody entry-content fb-quotable\">\n<p class=\"pda-abody-p\">\u201eDer Holzschnitt erfordert eine gewisse Planung\u201c, f\u00fchrt Nauber in die k\u00fcnstlerische Technik des Hochdruckes ein. \u201eAnders als bei der Malerei sind keine Korrekturen m\u00f6glich\u201c.<\/p>\n<div id=\"oms_intext_container\">Bei der Herstellung der Druckplatten muss sich der K\u00fcnstler auf das Wesentliche des Motives konzentrieren. Was er weggeschnitten hat, ist nicht wiederherzustellen. Die Reduktion auf Schwarz als alleinige Druckfarbe und dem Wei\u00df des Bildgrundes schr\u00e4nkt zus\u00e4tzlich ein.<\/div>\n<div id=\"teads_intext_container\"><\/div>\n<p class=\"pda-abody-p\">Eine Schattierung \u00fcber Graufl\u00e4chen ist nicht m\u00f6glich. Hier zeigt sich das Charakteristische der ausgestellten Werke. \u201eWas auff\u00e4llt, ist, dass Bauschert ein Meister des Weglassens war\u201c, erl\u00e4utert Nauber.<\/p>\n<p class=\"pda-abody-p\">Das Titelwerk der Ausstellung, \u201eM\u00e4dchen mit Tr\u00e4gerkleid\u201c von 1986, illustriert diese Aussparungen: Schultern und Kinn bleiben undefiniert, das Gesicht ist ganz Augen und Lippen. Bauschert verstand es, mit wenigen klaren Formen ein sinnliches und vielschichtiges Ganzes darzustellen.\u201eDie Irre\u201c von 1976 zeigt eine \u00e4ltlich wirkende Frau, impulsiv gestikulierend. Ihr Gesichtsausdruck l\u00e4sst sich jedoch nicht leicht deuten.<\/p>\n<p class=\"pda-abody-p\">Seinen Lebensunterhalt verdiente Bauschert als wissenschaftlicher Zeichner am Zoologischen Institut der Universit\u00e4t T\u00fcbingen. Seine k\u00fcnstlerische Ausbildung erhielt er an der Akademie der Bildenden K\u00fcnste in Karlsruhe, wo er unter anderem die Klassen von Karl Schnarrenberger und Karl Hubbuch besuchte.<\/p>\n<p class=\"pda-abody-p\">Neben dem Holzschnitt entdeckte er die Aquarellmalerei f\u00fcr sich.<br \/>\nDie Ausstellung ist bis Freitag, 3. M\u00e4rz 2017, montags bis freitags von 15 bis 18 Uhr und sonntags von 11 bis 13 Uhr zu sehen.<\/p>\n<p class=\"pda-abody-p\">Von Jana Probst<\/p>\n<p class=\"pda-abody-p\">Weitere Informationen:<\/p>\n<p class=\"pda-abody-p\"><a href=\"http:\/\/www.heiner-bauschert.de\/\">Homepage von Heiner Bauschert<\/a><\/p>\n<p class=\"pda-abody-p\"><a href=\"https:\/\/de.wikipedia.org\/wiki\/Heiner_Bauschert\">Wikipedia: Heiner Bauschert<\/a><\/p>\n<p class=\"pda-abody-p\"><a href=\"http:\/\/www.samiki.de\/unsere-gemeinde\/aktuelles\/artikel\/news-title\/vernissage-im-mittagstisch-mit-bildern-von-heiner-bauschert-1928-1986-1558\">Ausstellung in der Citykirche St. Michael, G\u00f6ttingen: 24.4.2015<\/a><\/p>\n<\/div>\n<\/div>\n","protected":false},"excerpt":{"rendered":"<p>Ausstellung in G\u00f6ttinger Galerie \u201eArt Supplement\u201c Holzschnitte des T\u00fcbinger K\u00fcnstlers Heiner Bauschert In der Galerie \u201eArt Supplement\u201c ist am Sonnabend die Ausstellung \u201eHeiner Bauschert \u2013 SchwarzWei\u00df\u201c mit Holzschnitten des 1986 verstorbenen K\u00fcnstlers er\u00f6ffnet worden. Die Kuratoren Jan Jacek und Miriam Hilker haben die Schau mit dem Sammler Ulrich Nauber konzipiert. G\u00f6ttinger Tageblatt: Artikel ver\u00f6ffentlicht: Sonntag, &hellip; <\/p>\n<p class=\"link-more\"><a href=\"http:\/\/blog.art-supplement.de\/?page_id=180\" class=\"more-link\"><span class=\"screen-reader-text\">\u201eHeiner Bauschert\u201c <\/span>weiterlesen<\/a><\/p>\n","protected":false},"author":1,"featured_media":0,"parent":185,"menu_order":0,"comment_status":"closed","ping_status":"closed","template":"","meta":{"footnotes":""},"class_list":["post-180","page","type-page","status-publish","hentry","entry"],"aioseo_notices":[],"_links":{"self":[{"href":"http:\/\/blog.art-supplement.de\/index.php?rest_route=\/wp\/v2\/pages\/180","targetHints":{"allow":["GET"]}}],"collection":[{"href":"http:\/\/blog.art-supplement.de\/index.php?rest_route=\/wp\/v2\/pages"}],"about":[{"href":"http:\/\/blog.art-supplement.de\/index.php?rest_route=\/wp\/v2\/types\/page"}],"author":[{"embeddable":true,"href":"http:\/\/blog.art-supplement.de\/index.php?rest_route=\/wp\/v2\/users\/1"}],"replies":[{"embeddable":true,"href":"http:\/\/blog.art-supplement.de\/index.php?rest_route=%2Fwp%2Fv2%2Fcomments&post=180"}],"version-history":[{"count":5,"href":"http:\/\/blog.art-supplement.de\/index.php?rest_route=\/wp\/v2\/pages\/180\/revisions"}],"predecessor-version":[{"id":192,"href":"http:\/\/blog.art-supplement.de\/index.php?rest_route=\/wp\/v2\/pages\/180\/revisions\/192"}],"up":[{"embeddable":true,"href":"http:\/\/blog.art-supplement.de\/index.php?rest_route=\/wp\/v2\/pages\/185"}],"wp:attachment":[{"href":"http:\/\/blog.art-supplement.de\/index.php?rest_route=%2Fwp%2Fv2%2Fmedia&parent=180"}],"curies":[{"name":"wp","href":"https:\/\/api.w.org\/{rel}","templated":true}]}}