{"id":185,"date":"2017-03-08T17:16:15","date_gmt":"2017-03-08T15:16:15","guid":{"rendered":"http:\/\/blog.art-supplement.de\/?page_id=185"},"modified":"2017-03-09T22:12:59","modified_gmt":"2017-03-09T20:12:59","slug":"kuenstler-und-ausstellungen","status":"publish","type":"page","link":"http:\/\/blog.art-supplement.de\/?page_id=185","title":{"rendered":"K\u00fcnstler und Ausstellungen"},"content":{"rendered":"<h2>Galerie ART S U P P L E M E N T<\/h2>\n<p><strong>K\u00fcnstler<\/strong>, die in der Galerie ausgestellt haben<br \/>\n<strong>Rezensionen<\/strong>, die \u00fcber diese Ausstellungen ver\u00f6ffentlicht wurden<\/p>\n<h3>2017<\/h3>\n<ul>\n<li><a href=\"http:\/\/blog.art-supplement.de\/?page_id=312\">Miriam Hilker<\/a><\/li>\n<li><a href=\"http:\/\/blog.art-supplement.de\/?page_id=180\">Heiner Bauschert<\/a><\/li>\n<\/ul>\n<h3>2016<\/h3>\n<ul>\n<li>13 Professoren und Dozenten der Kunstakademie Torun<\/li>\n<li>Absolventen der HAW Hamburg<\/li>\n<li>Uli Schiller<b><u><\/u><\/b><\/li>\n<li>Offenbacher Schule<\/li>\n<li>Katrin Graalmann<\/li>\n<li>Hendrik Faure<\/li>\n<\/ul>\n<h3>2015<\/h3>\n<ul>\n<li>Alfred Pohl<\/li>\n<li>Claudia Binder<\/li>\n<li>Christian Hahn<\/li>\n<li>Katarzyna Sokolowska<\/li>\n<li>Ruth Reiche<\/li>\n<li>Miriam Hilker<\/li>\n<li>Norman Hildebrandt<\/li>\n<li>Olivier Brauns<\/li>\n<li>Ireneusz Kopacz<\/li>\n<li>Laurie Schmiedt<\/li>\n<\/ul>\n<h3>2014<\/h3>\n<ul>\n<li>Miriam Hilker<\/li>\n<\/ul>\n","protected":false},"excerpt":{"rendered":"<p>Galerie ART S U P P L E M E N T K\u00fcnstler, die in der Galerie ausgestellt haben Rezensionen, die \u00fcber diese Ausstellungen ver\u00f6ffentlicht wurden 2017 Miriam Hilker Heiner Bauschert 2016 13 Professoren und Dozenten der Kunstakademie Torun Absolventen der HAW Hamburg Uli Schiller Offenbacher Schule Katrin Graalmann Hendrik Faure 2015 Alfred Pohl Claudia &hellip; <\/p>\n<p class=\"link-more\"><a href=\"http:\/\/blog.art-supplement.de\/?page_id=185\" class=\"more-link\"><span class=\"screen-reader-text\">\u201eK\u00fcnstler und Ausstellungen\u201c <\/span>weiterlesen<\/a><\/p>\n","protected":false},"author":1,"featured_media":0,"parent":0,"menu_order":0,"comment_status":"closed","ping_status":"closed","template":"","meta":{"footnotes":""},"class_list":["post-185","page","type-page","status-publish","hentry","entry"],"aioseo_notices":[],"_links":{"self":[{"href":"http:\/\/blog.art-supplement.de\/index.php?rest_route=\/wp\/v2\/pages\/185","targetHints":{"allow":["GET"]}}],"collection":[{"href":"http:\/\/blog.art-supplement.de\/index.php?rest_route=\/wp\/v2\/pages"}],"about":[{"href":"http:\/\/blog.art-supplement.de\/index.php?rest_route=\/wp\/v2\/types\/page"}],"author":[{"embeddable":true,"href":"http:\/\/blog.art-supplement.de\/index.php?rest_route=\/wp\/v2\/users\/1"}],"replies":[{"embeddable":true,"href":"http:\/\/blog.art-supplement.de\/index.php?rest_route=%2Fwp%2Fv2%2Fcomments&post=185"}],"version-history":[{"count":7,"href":"http:\/\/blog.art-supplement.de\/index.php?rest_route=\/wp\/v2\/pages\/185\/revisions"}],"predecessor-version":[{"id":323,"href":"http:\/\/blog.art-supplement.de\/index.php?rest_route=\/wp\/v2\/pages\/185\/revisions\/323"}],"wp:attachment":[{"href":"http:\/\/blog.art-supplement.de\/index.php?rest_route=%2Fwp%2Fv2%2Fmedia&parent=185"}],"curies":[{"name":"wp","href":"https:\/\/api.w.org\/{rel}","templated":true}]}}