{"id":360,"date":"2017-03-12T17:18:14","date_gmt":"2017-03-12T15:18:14","guid":{"rendered":"http:\/\/blog.art-supplement.de\/?page_id=360"},"modified":"2017-03-12T17:18:14","modified_gmt":"2017-03-12T15:18:14","slug":"ruth-reiche","status":"publish","type":"page","link":"http:\/\/blog.art-supplement.de\/?page_id=360","title":{"rendered":"Ruth Reiche"},"content":{"rendered":"<p><img loading=\"lazy\" decoding=\"async\" class=\"alignnone size-full wp-image-369\" src=\"http:\/\/blog.art-supplement.de\/wp-content\/uploads\/2017\/03\/Dr.-Ruth-Reiche.jpg\" alt=\"\" width=\"206\" height=\"308\" srcset=\"http:\/\/blog.art-supplement.de\/wp-content\/uploads\/2017\/03\/Dr.-Ruth-Reiche.jpg 206w, http:\/\/blog.art-supplement.de\/wp-content\/uploads\/2017\/03\/Dr.-Ruth-Reiche-201x300.jpg 201w\" sizes=\"auto, (max-width: 206px) 100vw, 206px\" \/>\u00a0<img loading=\"lazy\" decoding=\"async\" class=\"alignnone size-full wp-image-370\" src=\"http:\/\/blog.art-supplement.de\/wp-content\/uploads\/2017\/03\/Ruth-Aspekte-....jpg\" alt=\"\" width=\"200\" height=\"293\" \/>\u00a0<img loading=\"lazy\" decoding=\"async\" class=\"alignnone wp-image-373 size-medium\" src=\"http:\/\/blog.art-supplement.de\/wp-content\/uploads\/2017\/03\/Krause-Reiche-198x300.jpg\" alt=\"\" width=\"198\" height=\"300\" srcset=\"http:\/\/blog.art-supplement.de\/wp-content\/uploads\/2017\/03\/Krause-Reiche-198x300.jpg 198w, http:\/\/blog.art-supplement.de\/wp-content\/uploads\/2017\/03\/Krause-Reiche.jpg 327w\" sizes=\"auto, (max-width: 198px) 100vw, 198px\" \/><\/p>\n<h3><a href=\"https:\/\/www.uni-goettingen.de\/de\/525177.html\">Dr. Ruth Reiche<\/a><\/h3>\n<p class=\"text\">Lehrkraft f\u00fcr besondere Aufgaben<\/p>\n<p><b>Zur Person<\/b><\/p>\n<p align=\"justify\">Ruth Reiche ist seit Oktober 2015 Lehrkraft f\u00fcr besondere Aufgaben an der Universit\u00e4t G\u00f6ttingen. Sie studierte erst Medieninformatik, dann Kunstp\u00e4dagogik, Kunstgeschichte und Philosophie an der Ludwig-Maximilians-Universit\u00e4t in M\u00fcnchen. Ihre Dissertation schrieb sie an der Freien Universit\u00e4t Berlin \u00fcber Strategien des Narrativen im kinematographischen Raum. Als wissenschaftliche Mitarbeiterin an der Technischen Universit\u00e4t Darmstadt im BMBF-Projekt DARIAH-DE besch\u00e4ftigte sie sich mit digitalen Methoden in den Geisteswissenschaften und koordinierte das Cluster &#8222;Fachwissenschaftliche Annotationen&#8220;. Neben ihrer akademischen Arbeit ist sie freiberuflich als K\u00fcnstlerin und Illustratorin t\u00e4tig.<\/p>\n<p><img loading=\"lazy\" decoding=\"async\" class=\"alignnone wp-image-371 size-medium\" src=\"http:\/\/blog.art-supplement.de\/wp-content\/uploads\/2017\/03\/little_PENG-GUIN_Ruth20Reiche-225x300.jpg\" alt=\"\" width=\"225\" height=\"300\" srcset=\"http:\/\/blog.art-supplement.de\/wp-content\/uploads\/2017\/03\/little_PENG-GUIN_Ruth20Reiche-225x300.jpg 225w, http:\/\/blog.art-supplement.de\/wp-content\/uploads\/2017\/03\/little_PENG-GUIN_Ruth20Reiche.jpg 709w\" sizes=\"auto, (max-width: 225px) 100vw, 225px\" \/><\/p>\n<p><a href=\"http:\/\/www.ruthreiche.de\/\">Dr. Ruth Reiche<\/a>, Ruth&#8217;s Blog: <a href=\"http:\/\/blog.ruthreiche.de\/\">KUNSTNERD<\/a>, und auf <a href=\"https:\/\/twitter.com\/ruthreiche?lang=de\">Twitter<\/a><\/p>\n<h5>Ausstellungen<\/h5>\n<p><a href=\"http:\/\/www.braunschweig.de\/kultur\/veranstaltungen\/index.html?mode=details&amp;event_id=136542\"><strong>Ruth Reiche &#8211; &#8222;Zeichnung&#8220; &#8211; Tatendrang-Design, Braunschweig &#8211;<\/strong> <b>04.03.2016 <\/b><\/a><\/p>\n<p><img loading=\"lazy\" decoding=\"async\" class=\"alignnone wp-image-372 size-medium\" src=\"http:\/\/blog.art-supplement.de\/wp-content\/uploads\/2017\/03\/136542_original-187x300.jpg\" alt=\"\" width=\"187\" height=\"300\" srcset=\"http:\/\/blog.art-supplement.de\/wp-content\/uploads\/2017\/03\/136542_original-187x300.jpg 187w, http:\/\/blog.art-supplement.de\/wp-content\/uploads\/2017\/03\/136542_original-768x1229.jpg 768w, http:\/\/blog.art-supplement.de\/wp-content\/uploads\/2017\/03\/136542_original-640x1024.jpg 640w, http:\/\/blog.art-supplement.de\/wp-content\/uploads\/2017\/03\/136542_original.jpg 1181w\" sizes=\"auto, (max-width: 187px) 100vw, 187px\" \/><\/p>\n<p>dazu auch: <a href=\"http:\/\/www.kult-tour-bs.de\/von-bert-olt-dem-kaninchen-und-dem-protagonisten-deiner-geschichte\/\">Kultur-Tour Braunschweig<\/a><\/p>\n","protected":false},"excerpt":{"rendered":"<p>\u00a0\u00a0 Dr. Ruth Reiche Lehrkraft f\u00fcr besondere Aufgaben Zur Person Ruth Reiche ist seit Oktober 2015 Lehrkraft f\u00fcr besondere Aufgaben an der Universit\u00e4t G\u00f6ttingen. Sie studierte erst Medieninformatik, dann Kunstp\u00e4dagogik, Kunstgeschichte und Philosophie an der Ludwig-Maximilians-Universit\u00e4t in M\u00fcnchen. Ihre Dissertation schrieb sie an der Freien Universit\u00e4t Berlin \u00fcber Strategien des Narrativen im kinematographischen Raum. Als &hellip; <\/p>\n<p class=\"link-more\"><a href=\"http:\/\/blog.art-supplement.de\/?page_id=360\" class=\"more-link\"><span class=\"screen-reader-text\">\u201eRuth Reiche\u201c <\/span>weiterlesen<\/a><\/p>\n","protected":false},"author":1,"featured_media":0,"parent":185,"menu_order":0,"comment_status":"closed","ping_status":"closed","template":"","meta":{"footnotes":""},"class_list":["post-360","page","type-page","status-publish","hentry","entry"],"aioseo_notices":[],"_links":{"self":[{"href":"http:\/\/blog.art-supplement.de\/index.php?rest_route=\/wp\/v2\/pages\/360","targetHints":{"allow":["GET"]}}],"collection":[{"href":"http:\/\/blog.art-supplement.de\/index.php?rest_route=\/wp\/v2\/pages"}],"about":[{"href":"http:\/\/blog.art-supplement.de\/index.php?rest_route=\/wp\/v2\/types\/page"}],"author":[{"embeddable":true,"href":"http:\/\/blog.art-supplement.de\/index.php?rest_route=\/wp\/v2\/users\/1"}],"replies":[{"embeddable":true,"href":"http:\/\/blog.art-supplement.de\/index.php?rest_route=%2Fwp%2Fv2%2Fcomments&post=360"}],"version-history":[{"count":3,"href":"http:\/\/blog.art-supplement.de\/index.php?rest_route=\/wp\/v2\/pages\/360\/revisions"}],"predecessor-version":[{"id":374,"href":"http:\/\/blog.art-supplement.de\/index.php?rest_route=\/wp\/v2\/pages\/360\/revisions\/374"}],"up":[{"embeddable":true,"href":"http:\/\/blog.art-supplement.de\/index.php?rest_route=\/wp\/v2\/pages\/185"}],"wp:attachment":[{"href":"http:\/\/blog.art-supplement.de\/index.php?rest_route=%2Fwp%2Fv2%2Fmedia&parent=360"}],"curies":[{"name":"wp","href":"https:\/\/api.w.org\/{rel}","templated":true}]}}