{"id":375,"date":"2017-03-12T18:06:46","date_gmt":"2017-03-12T16:06:46","guid":{"rendered":"http:\/\/blog.art-supplement.de\/?page_id=375"},"modified":"2021-09-18T23:29:08","modified_gmt":"2021-09-18T21:29:08","slug":"christian-hahn","status":"publish","type":"page","link":"http:\/\/blog.art-supplement.de\/?page_id=375","title":{"rendered":"Christian Hahn"},"content":{"rendered":"<p><img loading=\"lazy\" decoding=\"async\" class=\"alignnone wp-image-376 size-full\" src=\"http:\/\/blog.art-supplement.de\/wp-content\/uploads\/2017\/03\/Christian_Hahn_1_696b5b399a_ef916acacd.png\" alt=\"\" width=\"120\" height=\"160\" \/><\/p>\n<p><a href=\"http:\/\/www.christian-hahn.com\/\">Prof. Christian Hahn<\/a><br \/>\n<a href=\"https:\/\/www.haw-hamburg.de\/presse\/expertendienst\/details\/artikel\/prof-christian-hahn.html\">Hochschule f\u00fcr Angewandte Wissenschaften, Hamburg<\/a><br \/>\nFakult\u00e4t Design, Medien und Information<br \/>\nDepartment Design<\/p>\n<p>Born 1969 in Nuernberg, Germany<br \/>\nSeit 2010 Professor f\u00fcr Malerei \/ HAW Hamburg<br \/>\nLives and work in Hamburg<\/p>\n<p><img loading=\"lazy\" decoding=\"async\" class=\"alignnone wp-image-378 size-medium\" src=\"http:\/\/blog.art-supplement.de\/wp-content\/uploads\/2017\/03\/CHahn-Theater-251x300.jpg\" alt=\"\" width=\"251\" height=\"300\" srcset=\"http:\/\/blog.art-supplement.de\/wp-content\/uploads\/2017\/03\/CHahn-Theater-251x300.jpg 251w, http:\/\/blog.art-supplement.de\/wp-content\/uploads\/2017\/03\/CHahn-Theater.jpg 502w\" sizes=\"auto, (max-width: 251px) 100vw, 251px\" \/>\u00a0<img loading=\"lazy\" decoding=\"async\" class=\"alignnone size-medium wp-image-377\" src=\"http:\/\/blog.art-supplement.de\/wp-content\/uploads\/2017\/03\/CHahn-Landschaft-300x231.jpg\" alt=\"\" width=\"300\" height=\"231\" srcset=\"http:\/\/blog.art-supplement.de\/wp-content\/uploads\/2017\/03\/CHahn-Landschaft-300x231.jpg 300w, http:\/\/blog.art-supplement.de\/wp-content\/uploads\/2017\/03\/CHahn-Landschaft-768x591.jpg 768w, http:\/\/blog.art-supplement.de\/wp-content\/uploads\/2017\/03\/CHahn-Landschaft.jpg 777w\" sizes=\"auto, (max-width: 300px) 100vw, 300px\" \/><\/p>\n<p><strong>Ausstellungen<\/strong><strong>\u00a0<\/strong><\/p>\n<p>1998<br \/>\nWestwerk, Hamburg<\/p>\n<p>2000<br \/>\nGalerie Sfeir-Semler, Hamburg<br \/>\nGalerie Sch\u00f6ttle, Munich<br \/>\nGalerie Johnen und Sch\u00f6ttle, Cologne<\/p>\n<p>2002<br \/>\nGalerie Windows, Br\u00fcssel, Belgium<br \/>\nZitadelle Spandau, Berlin<\/p>\n<p>2003<br \/>\nHamburger Kunsthalle: \u201dStandpunkte\u201d, Hamburg<br \/>\nGalerie Sfeir-Semler, Hamburg<br \/>\nGalerie Tanit, Munich<\/p>\n<p>2004<br \/>\nKunstverein Bayreuth, Bayreuth<br \/>\nCampus Galerie, Bayreuth<br \/>\nGalerie im Park, Bremen<br \/>\nDeutsche Bundesbank, Frankfurt<br \/>\nKonrad-Adenauer-Stiftung, Berlin<\/p>\n<p>2006<br \/>\nKunstverein Dortmund<br \/>\nGalerie Sfeir-Semler, Hamburg<\/p>\n<p>2007<br \/>\nGalerie Tanit, Munich<br \/>\n<a href=\"http:\/\/francoiseheitsch.de\/exhibitions\/christian-hahn-echolot\">Galerie Francoise Heitsch, Munich<\/a><\/p>\n<p>2009<br \/>\nOstholstein Museum, Eutin<br \/>\n<a href=\"http:\/\/www.sfeir-semler.com\/gallery-artists\/christian-hahn\/\">Galerie Sfeir-Semler, Hamburg<\/a><br \/>\nGalerie Bernhard Ceysson, Luxembourg<\/p>\n<p>2010<br \/>\nKunstverein M\u00fcnsterland<\/p>\n<p>2011<br \/>\nGalerie Tanit, Munich<\/p>\n<p>2012<br \/>\nBastion Kronprinz, Berlin-Spandau<\/p>\n<p>2015, 2021<br \/>\n<strong>Galerie Art Supplement, G\u00f6ttingen<\/strong><\/p>\n<h4><strong>Besprechungen<\/strong><\/h4>\n<p><a href=\"http:\/\/sammlung-essl.at\/jart\/prj3\/essl\/main.jart?content-id=1363947043047&amp;rel=de&amp;article_id=1364382722485&amp;reserve-mode=active\">Sammlung Essl<\/a>, Klosterneuburg bei Wien<\/p>\n<p><a href=\"http:\/\/www.contemporaryartcurator.com\/christian-hahn\/\">Contemporary Art Curator<\/a>, 2017<\/p>\n<p><a href=\"https:\/\/de.wikipedia.org\/wiki\/Christian_Hahn\">Wikipedia<\/a><\/p>\n","protected":false},"excerpt":{"rendered":"<p>Prof. Christian Hahn Hochschule f\u00fcr Angewandte Wissenschaften, Hamburg Fakult\u00e4t Design, Medien und Information Department Design Born 1969 in Nuernberg, Germany Seit 2010 Professor f\u00fcr Malerei \/ HAW Hamburg Lives and work in Hamburg \u00a0 Ausstellungen\u00a0 1998 Westwerk, Hamburg 2000 Galerie Sfeir-Semler, Hamburg Galerie Sch\u00f6ttle, Munich Galerie Johnen und Sch\u00f6ttle, Cologne 2002 Galerie Windows, Br\u00fcssel, Belgium &hellip; <\/p>\n<p class=\"link-more\"><a href=\"http:\/\/blog.art-supplement.de\/?page_id=375\" class=\"more-link\"><span class=\"screen-reader-text\">\u201eChristian Hahn\u201c <\/span>weiterlesen<\/a><\/p>\n","protected":false},"author":1,"featured_media":0,"parent":382,"menu_order":0,"comment_status":"closed","ping_status":"closed","template":"","meta":{"footnotes":""},"class_list":["post-375","page","type-page","status-publish","hentry","entry"],"aioseo_notices":[],"_links":{"self":[{"href":"http:\/\/blog.art-supplement.de\/index.php?rest_route=\/wp\/v2\/pages\/375","targetHints":{"allow":["GET"]}}],"collection":[{"href":"http:\/\/blog.art-supplement.de\/index.php?rest_route=\/wp\/v2\/pages"}],"about":[{"href":"http:\/\/blog.art-supplement.de\/index.php?rest_route=\/wp\/v2\/types\/page"}],"author":[{"embeddable":true,"href":"http:\/\/blog.art-supplement.de\/index.php?rest_route=\/wp\/v2\/users\/1"}],"replies":[{"embeddable":true,"href":"http:\/\/blog.art-supplement.de\/index.php?rest_route=%2Fwp%2Fv2%2Fcomments&post=375"}],"version-history":[{"count":6,"href":"http:\/\/blog.art-supplement.de\/index.php?rest_route=\/wp\/v2\/pages\/375\/revisions"}],"predecessor-version":[{"id":991,"href":"http:\/\/blog.art-supplement.de\/index.php?rest_route=\/wp\/v2\/pages\/375\/revisions\/991"}],"up":[{"embeddable":true,"href":"http:\/\/blog.art-supplement.de\/index.php?rest_route=\/wp\/v2\/pages\/382"}],"wp:attachment":[{"href":"http:\/\/blog.art-supplement.de\/index.php?rest_route=%2Fwp%2Fv2%2Fmedia&parent=375"}],"curies":[{"name":"wp","href":"https:\/\/api.w.org\/{rel}","templated":true}]}}