{"id":392,"date":"2017-03-12T19:23:51","date_gmt":"2017-03-12T17:23:51","guid":{"rendered":"http:\/\/blog.art-supplement.de\/?page_id=392"},"modified":"2022-03-13T12:11:39","modified_gmt":"2022-03-13T10:11:39","slug":"katrin-graalmann","status":"publish","type":"page","link":"http:\/\/blog.art-supplement.de\/?page_id=392","title":{"rendered":"Katrin Graalmann"},"content":{"rendered":"<h3>Plattenbau mit Charme<\/h3>\n<div class=\"fb-quote fb_iframe_widget\"><\/div>\n<p>Urbane R\u00e4ume, Plattenbauten, Funktionsbauten und Nachkriegsarchitektur. Das klingen nach faden Bildern. Die K\u00fcnstlerin Katrin Graalmann zeigt in ihrer Ausstellung in der G\u00f6ttinger Galerie Art Supplement, dass Geb\u00e4ude einen ganz eigenen Charme besitzen k\u00f6nnen.<\/p>\n<div class=\"pda-hmedia pda-article-fullsize hmedia\">\n<div class=\"pda-article-lead-feature\">\n<div class=\"pda-articledate\">\n<div class=\"pda-author-line-container\"><a href=\"http:\/\/www.goettinger-tageblatt.de\/Kultur\/Regional\/Galerie-Art-Supplement\">G\u00f6ttinger Tageblatt<\/a><\/div>\n<p>Artikel ver\u00f6ffentlicht: <span class=\"dtstamp\" title=\"2016-04-05T12:45:00+02:00\">Dienstag, 05.04.2016 12:45 Uhr<br \/>\n<\/span>Artikel aktualisiert: <span class=\"updated dtstamp\" title=\"2016-04-08T00:17:52+02:00\">Freitag, 08.04.2016 00:17 Uhr<\/span><\/p>\n<h3>Mit eigener Radierwerkstatt: Katrin Graalmann.<\/h3>\n<\/div>\n<\/div>\n<div class=\"pad-article-prev-container\">\n<div class=\"fn pda-imagecaption\"><\/div>\n<\/div>\n<div class=\"pda-article-image-container\">\n<div class=\"pda-article-img-container\"><b>G\u00f6ttingen<\/b>. Durch einen Zeitungsartikel wurde Graalmann auf eine B\u00fcrgerinitiative aufmerksam, die sich f\u00fcr die Erhaltung eines unter Denkmalschutz gestellten Geb\u00e4udes einsetzte. \u201eIch habe das nicht verstanden. F\u00fcr mich war das ein h\u00e4ssliches Geb\u00e4ude\u201c , erz\u00e4hlte Graalmann. Doch dieses Geb\u00e4ude war repr\u00e4sentativ f\u00fcr die Nachkriegsarchitektur Deutschlands. Weg von den pomp\u00f6sen Bauten des Nationalsozialismus, hin zur schlichten und bescheidenen Geb\u00e4udegestaltung. \u201eDie Nachkriegsarchitektur spiegelt den Grundgedanken der Demokratie wieder: Wir sind alle gleich\u201c.<\/div>\n<\/div>\n<\/div>\n<div class=\"pda-article-body\">\n<div id=\"articlecontent\" class=\"pda-abody entry-content fb-quotable\">\n<p class=\"pda-abody-p\">Durch diesen Ausl\u00f6ser, so Graalmann, habe sie Geb\u00e4ude ganz anders wahrgenommen. F\u00fcr die n\u00e4chste Faszination sorgten Plattenbauten. \u201ePlattenbauten sollten schnell gebaut sein und viel Licht und Raum bieten\u201c, sagt Graalmann. Ein Beispiel dieser Architektur ist das in Berlin erbaute \u201eCorbusierhaus\u201c. Die im Osten stehenden Plattenbauten wurden nach der Wirtschaftskrise verkleinert und pr\u00e4gen eine \u201elieblose\u201c Wahrnehmung dieser Bauten. \u201eEin Geb\u00e4udemodell\u00a0 wurde unabh\u00e4ngig von Topographie und Nachbargeb\u00e4uden millionenfach gebaut\u201c, so Graalmann.<\/p>\n<div id=\"oms_intext_container\">Graalmann setzt ihre Bilder als klassische Radierung um. Sie besitzt eine eigene Radierwerkstatt in Hamburg, in der sie auch f\u00fcr andere K\u00fcnstler druckt. Zudem ist sie Dozentin f\u00fcr Druckgraphik an der Hochschule f\u00fcr Angewandte Wissenschaften in der Hansestadt.<\/div>\n<div><\/div>\n<p class=\"pda-abody-p\">In ihrem Werk \u201eSt\u00fcrzende Bauten\u201c verbindet Graalmann Architektur und Organik und l\u00e4sst ein surreal anmutendes Geb\u00e4ude entstehen. \u201eArchitektur widerspricht mir eigentlich durch die rechtwinkligen Anordnungen\u201c, erkl\u00e4rt Graalmann. Durch die Kombination von Organik und statischen Bauten ist eine spannende Ausstellung entstanden, die einen neuen Blickwinkel auf Plattenbauten und trocken erscheinende Architektur bietet.<\/p>\n<p class=\"pda-abody-p\"><i class=\"pda-abody-i\">Von Vincent Lubbe<\/i><\/p>\n<p class=\"pda-abody-p\"><a href=\"http:\/\/katrin-graalmann.de\/?cat=7\">Homepage<\/a><\/p>\n<\/div>\n<\/div>\n","protected":false},"excerpt":{"rendered":"<p>Plattenbau mit Charme Urbane R\u00e4ume, Plattenbauten, Funktionsbauten und Nachkriegsarchitektur. Das klingen nach faden Bildern. Die K\u00fcnstlerin Katrin Graalmann zeigt in ihrer Ausstellung in der G\u00f6ttinger Galerie Art Supplement, dass Geb\u00e4ude einen ganz eigenen Charme besitzen k\u00f6nnen. G\u00f6ttinger Tageblatt Artikel ver\u00f6ffentlicht: Dienstag, 05.04.2016 12:45 Uhr Artikel aktualisiert: Freitag, 08.04.2016 00:17 Uhr Mit eigener Radierwerkstatt: Katrin Graalmann. &hellip; <\/p>\n<p class=\"link-more\"><a href=\"http:\/\/blog.art-supplement.de\/?page_id=392\" class=\"more-link\"><span class=\"screen-reader-text\">\u201eKatrin Graalmann\u201c <\/span>weiterlesen<\/a><\/p>\n","protected":false},"author":1,"featured_media":0,"parent":382,"menu_order":0,"comment_status":"closed","ping_status":"closed","template":"","meta":{"footnotes":""},"class_list":["post-392","page","type-page","status-publish","hentry","entry"],"aioseo_notices":[],"_links":{"self":[{"href":"http:\/\/blog.art-supplement.de\/index.php?rest_route=\/wp\/v2\/pages\/392","targetHints":{"allow":["GET"]}}],"collection":[{"href":"http:\/\/blog.art-supplement.de\/index.php?rest_route=\/wp\/v2\/pages"}],"about":[{"href":"http:\/\/blog.art-supplement.de\/index.php?rest_route=\/wp\/v2\/types\/page"}],"author":[{"embeddable":true,"href":"http:\/\/blog.art-supplement.de\/index.php?rest_route=\/wp\/v2\/users\/1"}],"replies":[{"embeddable":true,"href":"http:\/\/blog.art-supplement.de\/index.php?rest_route=%2Fwp%2Fv2%2Fcomments&post=392"}],"version-history":[{"count":4,"href":"http:\/\/blog.art-supplement.de\/index.php?rest_route=\/wp\/v2\/pages\/392\/revisions"}],"predecessor-version":[{"id":1024,"href":"http:\/\/blog.art-supplement.de\/index.php?rest_route=\/wp\/v2\/pages\/392\/revisions\/1024"}],"up":[{"embeddable":true,"href":"http:\/\/blog.art-supplement.de\/index.php?rest_route=\/wp\/v2\/pages\/382"}],"wp:attachment":[{"href":"http:\/\/blog.art-supplement.de\/index.php?rest_route=%2Fwp%2Fv2%2Fmedia&parent=392"}],"curies":[{"name":"wp","href":"https:\/\/api.w.org\/{rel}","templated":true}]}}