{"id":408,"date":"2015-04-20T17:21:15","date_gmt":"2015-04-20T15:21:15","guid":{"rendered":"http:\/\/blog.art-supplement.de\/?page_id=408"},"modified":"2018-03-16T19:39:06","modified_gmt":"2018-03-16T17:39:06","slug":"norman-hildebrandt","status":"publish","type":"page","link":"http:\/\/blog.art-supplement.de\/?page_id=408","title":{"rendered":"Norman Hildebrandt"},"content":{"rendered":"<h3>Wunderliches Panoptikum<\/h3>\n<div class=\"fb-quote fb_iframe_widget\"><\/div>\n<p><strong>Norman Hildebrandt<\/strong> stellt in der Galerie Art Supplement aus<\/p>\n<div class=\"pda-article-intro\">\n<p class=\"pda-aintro-p\">\u201e<strong>Bl\u00fchende Kiemenzweige<\/strong>\u201c hei\u00dft eine Ausstellung, die derzeit in der Galerie Art Supplement zu sehen ist. Norman Hildebrandt pr\u00e4sentiert Motive, die er mit feinem Strich aufs Blatt gebracht hat.<\/p>\n<\/div>\n<div class=\"pda-hmedia pda-article-fullsize hmedia\">\n<div class=\"pda-article-lead-feature\">\n<div class=\"pad-article-prev-box\" data-component=\"linkblock\"><a href=\"http:\/\/www.goettinger-tageblatt.de\/Kultur\/Regional\/Norman-Hildebrandt-stellt-in-der-Galerie-Art-Supplement-aus\">G\u00f6ttinger Tageblatt<\/a><\/div>\n<div class=\"pda-articledate\">\n<div class=\"pda-author-line-container\">Artikel ver\u00f6ffentlicht: <span class=\"dtstamp\" title=\"2015-04-22T15:35:00+02:00\">Mittwoch, 22.04.2015 15:35 Uhr<br \/>\n<\/span>Artikel aktualisiert: <span class=\"updated dtstamp\" title=\"2015-04-25T00:26:03+02:00\">Samstag, 25.04.2015 00:26 Uhr<\/span><\/div>\n<\/div>\n<\/div>\n<div class=\"pad-article-prev-container\">\n<div class=\"pad-article-prev-box\" data-component=\"linkblock\"><\/div>\n<div class=\"fn pda-imagecaption\">\n<p class=\"pda-textparagraph\">Norman Hildebrandts Studienschwerpunkt: freies Zeichnen.<\/p>\n<\/div>\n<\/div>\n<div class=\"pda-article-image-container\">\n<div class=\"pda-article-img-container\"><img loading=\"lazy\" decoding=\"async\" class=\"alignnone wp-image-409 size-full\" src=\"http:\/\/blog.art-supplement.de\/wp-content\/uploads\/2017\/03\/Norman-Hildebrandt-stellt-in-der-Galerie-Art-Supplement-aus_pdaArticleWide.jpg\" alt=\"\" width=\"505\" height=\"336\" srcset=\"http:\/\/blog.art-supplement.de\/wp-content\/uploads\/2017\/03\/Norman-Hildebrandt-stellt-in-der-Galerie-Art-Supplement-aus_pdaArticleWide.jpg 505w, http:\/\/blog.art-supplement.de\/wp-content\/uploads\/2017\/03\/Norman-Hildebrandt-stellt-in-der-Galerie-Art-Supplement-aus_pdaArticleWide-300x200.jpg 300w\" sizes=\"auto, (max-width: 505px) 100vw, 505px\" \/><\/div>\n<\/div>\n<\/div>\n<div class=\"clearBoth\"><!-- ZONE CONTENT: START -->Quelle: <span class=\"contributor imagephotograph\"> Heller<\/span><\/div>\n<div class=\"pda-article-body\">\n<div id=\"fb-root\" class=\" fb_reset\"><\/div>\n<div id=\"articlesocial\" class=\"pda-article-socialmedia\"><\/div>\n<p><!-- ARTIKEL --><\/p>\n<div id=\"articlecontent\" class=\"pda-abody entry-content fb-quotable\">\n<p class=\"pda-abody-p\"><b>G\u00f6ttingen<\/b>. Der Ausstellungstitel deutet schon an, was Hildebrandt zeichnet. Meist sind es \u201eMetamorphosen ins Vegetative und Animalische\u201c. So bezeichnet es der K\u00fcnstler selbst, der nicht nur Visuellen Kommunikation an der Hochschule f\u00fcr Gestaltung (HfG) Offenbach mit den Schwerpunkten freies Zeichnen und Bildhauerei absolviert, sondern wurde auch in Wien nach Studium der Kunst und\u00a0 Kulturwissenschaften promoviert. Er kann seine Kunst also auch erl\u00e4utern.<\/p>\n<p class=\"pda-abody-p\">Zu sehen sind Papageien, die sich in Florales verwandeln, eine Ente mit Z\u00e4hnchen, ein Vier-Flosser mit venezianischer Maske, Pflanzen, die an Tiere erinnern \u2013 ein phantastisches Panoptikum, eine Wunderkammer.<\/p>\n<p class=\"pda-abody-p\">Hildebrandt arbeitet \u00fcberwiegend mit sogenannten Finelinern, mit Stiften, die sich f\u00fcr ganz zarte Linien eignen. Filigranstes Federkleid zeichnet er damit, winzigste Schleifchen und seidiges Fell. In einigen Bl\u00e4ttern verwendet er Tuschestifte, die kr\u00e4ftigere Linien hervorbringen, hier und da setzt er Kugelschreiber ein. Ganz selten versucht er es mit einem Hauch von Farbe.<\/p>\n<p class=\"pda-abody-p\">Hier und da erinnern Hildebrandts Figuren an Max Ernsts Loplop, jenes Vogelwesen, dass der Surrealist sich als \u00dcber-Ich erfand. Doch die Bl\u00e4tter von Hildebrandt verraten weniger die Suche nach dem Ausdruck des Unterbewusstseins, dem die Surrealisten auf die Spur kommen wollten. Hildebrandts Arbeiten vermitteln eher den Eindruck vollkommener\u00a0 Zweckfreiheit.<\/p>\n<p class=\"pda-abody-p\"><em><span class=\"pda-author-line author vcard\">Von <span class=\"name fn\">Peter Kr\u00fcger-Lenz<\/span> <\/span><\/em><\/p>\n<\/div>\n<\/div>\n","protected":false},"excerpt":{"rendered":"<p>Wunderliches Panoptikum Norman Hildebrandt stellt in der Galerie Art Supplement aus \u201eBl\u00fchende Kiemenzweige\u201c hei\u00dft eine Ausstellung, die derzeit in der Galerie Art Supplement zu sehen ist. Norman Hildebrandt pr\u00e4sentiert Motive, die er mit feinem Strich aufs Blatt gebracht hat. G\u00f6ttinger Tageblatt Artikel ver\u00f6ffentlicht: Mittwoch, 22.04.2015 15:35 Uhr Artikel aktualisiert: Samstag, 25.04.2015 00:26 Uhr Norman Hildebrandts &hellip; <\/p>\n<p class=\"link-more\"><a href=\"http:\/\/blog.art-supplement.de\/?page_id=408\" class=\"more-link\"><span class=\"screen-reader-text\">\u201eNorman Hildebrandt\u201c <\/span>weiterlesen<\/a><\/p>\n","protected":false},"author":1,"featured_media":0,"parent":362,"menu_order":0,"comment_status":"closed","ping_status":"closed","template":"","meta":{"footnotes":""},"class_list":["post-408","page","type-page","status-publish","hentry","entry"],"aioseo_notices":[],"_links":{"self":[{"href":"http:\/\/blog.art-supplement.de\/index.php?rest_route=\/wp\/v2\/pages\/408","targetHints":{"allow":["GET"]}}],"collection":[{"href":"http:\/\/blog.art-supplement.de\/index.php?rest_route=\/wp\/v2\/pages"}],"about":[{"href":"http:\/\/blog.art-supplement.de\/index.php?rest_route=\/wp\/v2\/types\/page"}],"author":[{"embeddable":true,"href":"http:\/\/blog.art-supplement.de\/index.php?rest_route=\/wp\/v2\/users\/1"}],"replies":[{"embeddable":true,"href":"http:\/\/blog.art-supplement.de\/index.php?rest_route=%2Fwp%2Fv2%2Fcomments&post=408"}],"version-history":[{"count":2,"href":"http:\/\/blog.art-supplement.de\/index.php?rest_route=\/wp\/v2\/pages\/408\/revisions"}],"predecessor-version":[{"id":411,"href":"http:\/\/blog.art-supplement.de\/index.php?rest_route=\/wp\/v2\/pages\/408\/revisions\/411"}],"up":[{"embeddable":true,"href":"http:\/\/blog.art-supplement.de\/index.php?rest_route=\/wp\/v2\/pages\/362"}],"wp:attachment":[{"href":"http:\/\/blog.art-supplement.de\/index.php?rest_route=%2Fwp%2Fv2%2Fmedia&parent=408"}],"curies":[{"name":"wp","href":"https:\/\/api.w.org\/{rel}","templated":true}]}}