{"id":426,"date":"2017-03-15T21:27:56","date_gmt":"2017-03-15T19:27:56","guid":{"rendered":"http:\/\/blog.art-supplement.de\/?page_id=426"},"modified":"2018-11-01T17:17:55","modified_gmt":"2018-11-01T15:17:55","slug":"claudia-binder","status":"publish","type":"page","link":"http:\/\/blog.art-supplement.de\/?page_id=426","title":{"rendered":"Claudia Binder"},"content":{"rendered":"<h3>Claudia Binder und Dagmar vom Grafen-Connolly<\/h3>\n<p><img loading=\"lazy\" decoding=\"async\" class=\"alignleft size-full wp-image-723\" src=\"http:\/\/blog.art-supplement.de\/wp-content\/uploads\/2018\/11\/Donnerstag-1.-November-2018_16h14m09s_007_.jpg\" alt=\"\" width=\"816\" height=\"890\" srcset=\"http:\/\/blog.art-supplement.de\/wp-content\/uploads\/2018\/11\/Donnerstag-1.-November-2018_16h14m09s_007_.jpg 816w, http:\/\/blog.art-supplement.de\/wp-content\/uploads\/2018\/11\/Donnerstag-1.-November-2018_16h14m09s_007_-275x300.jpg 275w, http:\/\/blog.art-supplement.de\/wp-content\/uploads\/2018\/11\/Donnerstag-1.-November-2018_16h14m09s_007_-768x838.jpg 768w\" sizes=\"auto, (max-width: 816px) 100vw, 816px\" \/><\/p>\n<div class=\"trenner\">\n<hr \/>\n<p><img loading=\"lazy\" decoding=\"async\" class=\"size-full wp-image-721 alignnone\" src=\"http:\/\/blog.art-supplement.de\/wp-content\/uploads\/2018\/11\/Donnerstag-1.-November-2018_16h00m51s_002_.jpg\" alt=\"\" width=\"961\" height=\"988\" srcset=\"http:\/\/blog.art-supplement.de\/wp-content\/uploads\/2018\/11\/Donnerstag-1.-November-2018_16h00m51s_002_.jpg 961w, http:\/\/blog.art-supplement.de\/wp-content\/uploads\/2018\/11\/Donnerstag-1.-November-2018_16h00m51s_002_-292x300.jpg 292w, http:\/\/blog.art-supplement.de\/wp-content\/uploads\/2018\/11\/Donnerstag-1.-November-2018_16h00m51s_002_-768x790.jpg 768w\" sizes=\"auto, (max-width: 961px) 100vw, 961px\" \/><\/p>\n<\/div>\n<div><a href=\"http:\/\/www.vomgrafenart.com\/druckfrisch2018\/\">Druckfrisch2018<\/a><\/div>\n<hr \/>\n<hr \/>\n<hr \/>\n<h1>St\u00e4dtepartnerschaft G\u00f6ttingen &#8211; Torun<\/h1>\n<p>im Rahmen der St\u00e4dtepartnerschaft G\u00f6ttingen &#8211; Torun und in Zusammenarbeit der Kunstakademie Torun und der Galerie Art S u p p l e m e n t, stellt in diesem Herbst vom 6.10.-3.11.2107\u00a0in der Universit\u00e4tsgalerie Torun aus:<\/p>\n<h3><strong>Prof. Claudia Binder<\/strong>\u00a0\u00a0&#8211;\u00a0 <strong>Radierungen<\/strong><\/h3>\n<p><img loading=\"lazy\" decoding=\"async\" class=\"size-large wp-image-515 alignnone\" src=\"http:\/\/blog.art-supplement.de\/wp-content\/uploads\/2017\/03\/C_Binder-724x1024.jpg\" alt=\"\" width=\"724\" height=\"1024\" srcset=\"http:\/\/blog.art-supplement.de\/wp-content\/uploads\/2017\/03\/C_Binder-724x1024.jpg 724w, http:\/\/blog.art-supplement.de\/wp-content\/uploads\/2017\/03\/C_Binder-212x300.jpg 212w, http:\/\/blog.art-supplement.de\/wp-content\/uploads\/2017\/03\/C_Binder-768x1086.jpg 768w, http:\/\/blog.art-supplement.de\/wp-content\/uploads\/2017\/03\/C_Binder-1200x1697.jpg 1200w, http:\/\/blog.art-supplement.de\/wp-content\/uploads\/2017\/03\/C_Binder.jpg 1323w\" sizes=\"auto, (max-width: 724px) 100vw, 724px\" \/><\/p>\n<hr \/>\n<h1 class=\"redbox_headline\">Kunst im KWS-Biotechnikum:<br \/>\n<a href=\"https:\/\/www.einbeck-city.de\/news\/artikel\/kunst-im-kws-biotechnikum-druckgrafiken-von-claudia-binder\/\">Druckgrafiken von Claudia Binder<\/a><\/h1>\n<div class=\"mainbox_content\">\n<div class=\"inner_frame\">\n<div class=\"box_teaser\">\n<div class=\"news-single-img\">\n<p><b>18.02.2017, fb.<\/b> Komplexe Details und feinsinnige Nuancen zeichnen die 37 Druckgrafiken aus, die jetzt im Biotechnikum der KWS Saat SE in Einbeck zu sehen sind. Claudia Binder aus G\u00f6ttingen zeigt bei der mittlerweile 47. Ausstellung im Forschungsgeb\u00e4ude des Saatzuchtunternehmens an der Grimsehlstra\u00dfe bis April ihre Werke, am 29. M\u00e4rz k\u00f6nnen interessierte Besucher die Bilder noch einmal bei einer F\u00fchrung erleben. Eine Passage aus einem Gedicht, ein zuf\u00e4llig aufgeschnappter Satz oder auch eine Melodie sind f\u00fcr Claudia Binder Inspirationen, die sie in ihren Werken druckgrafisch umsetzt. Nach 15 Jahren ist die Ausstellung von Claudia Binder f\u00fcr Ulrike Gaycken die letzte als Kuratorin; sie will sich wieder verst\u00e4rkt agrarwissenschaftlichen Aufgaben widmen. KWS wird auch weiterhin Kunst zeigen, k\u00fcndigte Vorstandssprecher Hagen Duenbostel an. Ab der n\u00e4chsten Ausstellung werde es dabei zu ein paar Ver\u00e4nderungen kommen.<\/p>\n<p>Mit Claudia Binders Werken werden nach langer Zeit wieder Druckgrafiken im Biotechnikum der KWS pr\u00e4sentiert. \u201eFast malerisch besch\u00e4ftigt sich die K\u00fcnstlerin mit einer Vielzahl sehr unterschiedlicher Themen\u201c, sagte KWS-Vorstandssprecher Hagen Duenbostel bei der Vernissage. Die Vielfalt zeige, mit welcher Neugier die K\u00fcnstlerin durch das Leben gehe.<\/p>\n<p><strong>Claudia Binder<\/strong>, geboren 1955 in Stuttgart, lebt und arbeitet seit 1993 als Ober\u00e4rztin mit au\u00dferplanm\u00e4\u00dfiger Professur an der Universit\u00e4t G\u00f6ttingen. Seit 1981 besch\u00e4ftigt sie sich mit dem Thema Radierung. Regelm\u00e4\u00dfig absolvierte sie Seminare: in G\u00f6ttingen, an der Hochschule f\u00fcr Bildende K\u00fcnste Braunschweig, der Europ\u00e4ischen Kunstakademie Trier und im Kloster Irsee. Ausstellungen fanden zun\u00e4chst \u00fcberwiegend im K\u00f6lner Raum statt.<\/p>\n<p>\u201eWas ist das f\u00fcr eine Technik, mit der so zarte Gebilde wie Gr\u00e4ser nach einem Regen hingehaucht und auf der anderen Seite auch Industrieanlagen hammerhart auf Papier gedruckt werden k\u00f6nnen?\u201c Mit dieser Frage wandte sich Lothar S\u00fctterlin, Kernphysiker, K\u00fcnstler und Freund der K\u00fcnstlerin, an die G\u00e4ste der Ausstellung.<\/p>\n<p>\u201eDie Radierung ist eine Tiefdrucktechnik, bei der mit hohem Druck Farbe aus Rillen und Riefen einer meist metallenen Platte herausgesaugt werden. Je h\u00f6her der Druck, desto feinere Details werden sichtbar\u201c, erkl\u00e4rte S\u00fctterlin. Das erfordere zeichnerisches K\u00f6nnen und Erfahrung mit den vielf\u00e4ltigen Teiltechniken der Radierung, aber auch gro\u00dfe Beharrlichkeit einem St\u00fcck Blech das abzuringen, was man sich vorstellt.<\/p>\n<hr \/>\n<p><a href=\"https:\/\/www.kws.de\/aw\/presse-infos\/2017\/Kunst-im-BiT-Komplexe-Details-und-feins\/~hwmw\/\">17.2.2017<\/a><\/p>\n<p><strong>Eine Passage aus einem Gedicht, ein zuf\u00e4llig aufgeschnappter Satz oder auch eine Melodie sind f\u00fcr Claudia Binder Inspirationen, die sie in ihren Werken druckgrafisch umsetzt. Die 47. Ausstellung im Biotechnikum der KWS SAAT SE mit dem Titel \u201eintricate detail and subtle inflections\u201c zeigt 37 Werke der G\u00f6ttinger K\u00fcnstlerin. <\/strong><\/p>\n<div class=\"standardcontent-text\">\n<p>Mit Claudia Binders Werken werden nach langer Zeit wieder Druckgrafiken im Biotechnikum der KWS pr\u00e4sentiert. \u201eFast malerisch besch\u00e4ftigt sich die K\u00fcnstlerin mit einer Vielzahl sehr unterschiedlicher Themen\u201c, sagte Hagen Duenbostel, Vorstand der KWS, zur Begr\u00fc\u00dfung der G\u00e4ste. Diese Vielfalt zeige, mit welcher Neugier die K\u00fcnstlerin durch das Leben gehe.<\/p>\n<p>\u201eWas ist das f\u00fcr eine Technik, mit der so zarte Gebilde wie Gr\u00e4ser nach einem Regen hingehaucht und auf der anderen Seite auch Industrieanlagen hammerhart auf Papier gedruckt werden k\u00f6nnen?\u201c Mit dieser Frage wandte sich Lothar S\u00fctterlin, Physiker, K\u00fcnstler und Freund der K\u00fcnstlerin, an die G\u00e4ste der Ausstellung. \u201eDie Radierung ist eine Tiefdrucktechnik, bei der mit hohem Druck Farbe aus Rillen und Riefen einer meist metallenen Platte herausgesaugt werden. Je h\u00f6her der Druck, desto feinere Details werden sichtbar\u201c, erkl\u00e4rte S\u00fctterlin. Das erfordere zeichnerisches K\u00f6nnen und Erfahrung mit den vielf\u00e4ltigen Teiltechniken der Radierung, aber auch gro\u00dfe Beharrlichkeit einem St\u00fcck Blech das abzuringen, was man sich vorstellt.<\/p>\n<p>S\u00fctterlin forderte die Besucher auf, die Seele der Bilder mit den Augen wahrzunehmen. \u201eEs werden sich Ihnen v\u00f6llig neue Welten erschlie\u00dfen\u201c, sagte er zur Vorstellung der Kunst von Claudia Binder, die als Ober\u00e4rztin mit au\u00dferplanm\u00e4\u00dfiger Professur an der Universit\u00e4t G\u00f6ttingen arbeitet. Seit 1981 besch\u00e4ftigt sie sich mit dem Thema Radierung. Regelm\u00e4\u00dfig absolvierte sie Seminare: in G\u00f6ttingen, an der Hochschule f\u00fcr Bildende K\u00fcnste Braunschweig, der Europ\u00e4ischen Kunstakademie Trier und im Kloster Irsee. Ausstellungen fanden zun\u00e4chst \u00fcberwiegend im K\u00f6lner Raum statt.<\/p>\n<p>Zwei Musikst\u00fccke aus Schuberts Winterreise, gesungen von Markus Jarchow und am Klavier begleitet von Wolfram Jung umrahmten die Ausstellungser\u00f6ffnung musikalisch auf hohem Niveau.<\/p>\n<hr \/>\n<h3>Weitere Ausstellungen<\/h3>\n<p><a href=\"http:\/\/www.kunstkabinetthespert.de\/kkh\/download\/20110407_druckfrisch.pdf\">Druckfrisch<\/a>, Bergisch Gladbach 2011<\/p>\n<p><a href=\"http:\/\/www.ksta.de\/ausstellung-sieben-kuenstler-auf-einen-streich-12203990\">Atelierhauses 24\/Technologiepark<\/a> aus \u2013 die Neuauflage von \u201eDruckfrisch 2011\u201c \u2013 2011<\/p>\n<\/div>\n<\/div>\n<\/div>\n<\/div>\n<\/div>\n","protected":false},"excerpt":{"rendered":"<p>Claudia Binder und Dagmar vom Grafen-Connolly Druckfrisch2018 St\u00e4dtepartnerschaft G\u00f6ttingen &#8211; Torun im Rahmen der St\u00e4dtepartnerschaft G\u00f6ttingen &#8211; Torun und in Zusammenarbeit der Kunstakademie Torun und der Galerie Art S u p p l e m e n t, stellt in diesem Herbst vom 6.10.-3.11.2107\u00a0in der Universit\u00e4tsgalerie Torun aus: Prof. Claudia Binder\u00a0\u00a0&#8211;\u00a0 Radierungen Kunst im KWS-Biotechnikum: &hellip; <\/p>\n<p class=\"link-more\"><a href=\"http:\/\/blog.art-supplement.de\/?page_id=426\" class=\"more-link\"><span class=\"screen-reader-text\">\u201eClaudia Binder\u201c <\/span>weiterlesen<\/a><\/p>\n","protected":false},"author":1,"featured_media":0,"parent":185,"menu_order":0,"comment_status":"closed","ping_status":"closed","template":"","meta":{"footnotes":""},"class_list":["post-426","page","type-page","status-publish","hentry","entry"],"aioseo_notices":[],"_links":{"self":[{"href":"http:\/\/blog.art-supplement.de\/index.php?rest_route=\/wp\/v2\/pages\/426","targetHints":{"allow":["GET"]}}],"collection":[{"href":"http:\/\/blog.art-supplement.de\/index.php?rest_route=\/wp\/v2\/pages"}],"about":[{"href":"http:\/\/blog.art-supplement.de\/index.php?rest_route=\/wp\/v2\/types\/page"}],"author":[{"embeddable":true,"href":"http:\/\/blog.art-supplement.de\/index.php?rest_route=\/wp\/v2\/users\/1"}],"replies":[{"embeddable":true,"href":"http:\/\/blog.art-supplement.de\/index.php?rest_route=%2Fwp%2Fv2%2Fcomments&post=426"}],"version-history":[{"count":10,"href":"http:\/\/blog.art-supplement.de\/index.php?rest_route=\/wp\/v2\/pages\/426\/revisions"}],"predecessor-version":[{"id":724,"href":"http:\/\/blog.art-supplement.de\/index.php?rest_route=\/wp\/v2\/pages\/426\/revisions\/724"}],"up":[{"embeddable":true,"href":"http:\/\/blog.art-supplement.de\/index.php?rest_route=\/wp\/v2\/pages\/185"}],"wp:attachment":[{"href":"http:\/\/blog.art-supplement.de\/index.php?rest_route=%2Fwp%2Fv2%2Fmedia&parent=426"}],"curies":[{"name":"wp","href":"https:\/\/api.w.org\/{rel}","templated":true}]}}