{"id":434,"date":"2017-03-16T00:04:03","date_gmt":"2017-03-15T22:04:03","guid":{"rendered":"http:\/\/blog.art-supplement.de\/?page_id=434"},"modified":"2019-06-14T13:14:55","modified_gmt":"2019-06-14T11:14:55","slug":"ireneusz-kopacz","status":"publish","type":"page","link":"http:\/\/blog.art-supplement.de\/?page_id=434","title":{"rendered":"Ireneusz Kopacz"},"content":{"rendered":"<h3>Polnischer K\u00fcnstler<\/h3>\n<p><strong>Ireneusz Kopacz<\/strong> stellt in der Galerie Art Supplement aus<\/p>\n<div class=\"pda-article-intro\">\n<p class=\"pda-aintro-p\">Ireneusz Kopacz ist \u2013 oft auch zusammen mit seinen Kunst-Studenten \u2013 gern gesehener Gast in G\u00f6ttingen. Und das nicht nur, weil der K\u00fcnstler und Hochschullehrer aus G\u00f6ttingens Partnerstadt\u00a0 Thorn in Polen stammt, sondern weil seine Arbeiten schlichtweg sehenswert sind.<\/p>\n<\/div>\n<div class=\"pda-hmedia pda-article-fullsize hmedia\">\n<div class=\"pda-article-lead-feature\">\n<div class=\"pad-article-prev-box\" data-component=\"linkblock\"><a href=\"http:\/\/www.goettinger-tageblatt.de\/Kultur\/Regional\/Ireneusz-Kopacz-stellt-in-der-Galerie-Art-Supplement-aus\">G\u00f6ttinger Tageblatt\u00a0<\/a><\/div>\n<div class=\"pda-articledate\">Artikel ver\u00f6ffentlicht: <span class=\"dtstamp\" title=\"2015-02-18T22:55:00+01:00\">Mittwoch, 18.02.2015 22:55 Uhr<\/span><\/div>\n<\/div>\n<div class=\"pad-article-prev-container\">\n<div class=\"pad-article-prev-box\" data-component=\"linkblock\"><\/div>\n<div class=\"fn pda-imagecaption\">\n<p class=\"pda-textparagraph\">\u201eStruktur und Collage\u201c nennt Ireneusz Kopacz die Ausstellung mit seinen Kunstwerken.<\/p>\n<div class=\"pda-contributor pda-imagephotograph\">Quelle: <span class=\"contributor imagephotograph\"> Heller<\/span><\/div>\n<\/div>\n<\/div>\n<\/div>\n<div class=\"pda-article-body\">\n<div id=\"articlesocial\" class=\"pda-article-socialmedia\"><\/div>\n<p><!-- ARTIKEL --><\/p>\n<div id=\"articlecontent\" class=\"pda-abody entry-content fb-quotable\">\n<p class=\"pda-abody-p\"><b>G\u00f6ttingen<\/b>. Aktuell ist seine Ausstellung \u201eStruktur und Collage\u201c in der Galerie Art Supplement zu sehen. Anleihen aus der Architektur begegnen einem besonders h\u00e4ufig in den gezeigten Arbeiten Kopaczs. Seien es Ausschnitte von Grund- oder Aufrissen, Satellitenbilder von St\u00e4dten oder Fotos von Geb\u00e4uden. Aus diesen in sich bereits strukturaffinen Elementen stellt der K\u00fcnstler in kleinen bis wandf\u00fcllenden Formaten neue strukturbetonte Collagen zusammen, erg\u00e4nzt sie teilweise um malerische Akzente und schafft damit eigenst\u00e4ndige, neue Strukturen und Gesamteindr\u00fccke. Sie zu betrachten ist ebenso anregend wie der Blick aufs kleine Detail, das sich trotz aller Br\u00fcche immer wieder harmonisch als Teil des Ganzen erweist.<\/p>\n<p class=\"pda-abody-p\">Kleine Entdeckungen mit Hinweisen auf Lebendiges sind ebenfalls in vielen Arbeiten m\u00f6glich. Da gibt es hinter ein Gitter aus Aufriss-Linien gebannte Pinup-Fotos im Stil der 1950er Jahre oder Pflanzenornamente, die sich als Profil aus einer Arbeit herausheben. Und f\u00fcr die ganz verwegene \u00dcberlegung m\u00f6gen auch einige grob \u00fcber ein Gro\u00dfformat geworfene Pinselstriche an einen Baum oder eine Pflanze erinnern.<\/p>\n<p class=\"pda-abody-p\">Farblich dezent und gef\u00e4llig gehalten ziehen Kopaczs Collagen den Blick immer wieder zur\u00fcck auf ihr Kernthema, die Strukturen und ihre Verflechtungen untereinander. Damit sind die Arbeiten durchweg im besten Sinne des Ausdrucks wohnzimmertauglich und sch\u00f6n anzusehen. Passend dazu ist die Freude am Detail, die auch den wiederholten Blick auf die St\u00fccke wohl erst nach langer Zeit langweilen w\u00fcrde.<\/p>\n<p class=\"pda-abody-p\">Die Ausstellung \u201eStruktur und Collage\u201c ist in der Galerie Art Supplement, Burgstra\u00dfe 37a, noch bis zum 13. M\u00e4rz zu sehen. Sie ist montags bis freitags von 15 bis 18 Uhr sowie sonntags von 11 bis 13 Uhr ge\u00f6ffnet.<\/p>\n<p class=\"pda-abody-p\"><i class=\"pda-abody-i\">Von Isabel Trzeciok<\/i><\/p>\n<p class=\"pda-abody-p\">\n<\/div>\n<\/div>\n","protected":false},"excerpt":{"rendered":"<p>Polnischer K\u00fcnstler Ireneusz Kopacz stellt in der Galerie Art Supplement aus Ireneusz Kopacz ist \u2013 oft auch zusammen mit seinen Kunst-Studenten \u2013 gern gesehener Gast in G\u00f6ttingen. Und das nicht nur, weil der K\u00fcnstler und Hochschullehrer aus G\u00f6ttingens Partnerstadt\u00a0 Thorn in Polen stammt, sondern weil seine Arbeiten schlichtweg sehenswert sind. G\u00f6ttinger Tageblatt\u00a0 Artikel ver\u00f6ffentlicht: Mittwoch, &hellip; <\/p>\n<p class=\"link-more\"><a href=\"http:\/\/blog.art-supplement.de\/?page_id=434\" class=\"more-link\"><span class=\"screen-reader-text\">\u201eIreneusz Kopacz\u201c <\/span>weiterlesen<\/a><\/p>\n","protected":false},"author":1,"featured_media":0,"parent":185,"menu_order":0,"comment_status":"closed","ping_status":"closed","template":"","meta":{"footnotes":""},"class_list":["post-434","page","type-page","status-publish","hentry","entry"],"aioseo_notices":[],"_links":{"self":[{"href":"http:\/\/blog.art-supplement.de\/index.php?rest_route=\/wp\/v2\/pages\/434","targetHints":{"allow":["GET"]}}],"collection":[{"href":"http:\/\/blog.art-supplement.de\/index.php?rest_route=\/wp\/v2\/pages"}],"about":[{"href":"http:\/\/blog.art-supplement.de\/index.php?rest_route=\/wp\/v2\/types\/page"}],"author":[{"embeddable":true,"href":"http:\/\/blog.art-supplement.de\/index.php?rest_route=\/wp\/v2\/users\/1"}],"replies":[{"embeddable":true,"href":"http:\/\/blog.art-supplement.de\/index.php?rest_route=%2Fwp%2Fv2%2Fcomments&post=434"}],"version-history":[{"count":4,"href":"http:\/\/blog.art-supplement.de\/index.php?rest_route=\/wp\/v2\/pages\/434\/revisions"}],"predecessor-version":[{"id":833,"href":"http:\/\/blog.art-supplement.de\/index.php?rest_route=\/wp\/v2\/pages\/434\/revisions\/833"}],"up":[{"embeddable":true,"href":"http:\/\/blog.art-supplement.de\/index.php?rest_route=\/wp\/v2\/pages\/185"}],"wp:attachment":[{"href":"http:\/\/blog.art-supplement.de\/index.php?rest_route=%2Fwp%2Fv2%2Fmedia&parent=434"}],"curies":[{"name":"wp","href":"https:\/\/api.w.org\/{rel}","templated":true}]}}