{"id":469,"date":"2017-07-01T18:33:46","date_gmt":"2017-07-01T16:33:46","guid":{"rendered":"http:\/\/blog.art-supplement.de\/?page_id=469"},"modified":"2021-10-23T23:17:12","modified_gmt":"2021-10-23T21:17:12","slug":"jan-jacek-sobecki","status":"publish","type":"page","link":"http:\/\/blog.art-supplement.de\/?page_id=469","title":{"rendered":"Jan-Jacek"},"content":{"rendered":"<h3>Auf den Punkt gebracht<\/h3>\n<div class=\"fb-quote fb_iframe_widget\">&#8222;Zeichnungen&#8220;, nicht &#8222;Gro\u00dfe Worte&#8220; ist die Ausstellung von Jan-Jacek in der Galerie Art Supplement \u00fcberschrieben. Ebenso ist sie er\u00f6ffnet worden.<\/div>\n<div class=\"pda-hmedia pda-article-fullsize hmedia\">\n<div class=\"pda-article-lead-feature\">\n<div class=\"pad-article-prev-box\" data-component=\"linkblock\"><\/div>\n<div class=\"pda-articledate\">\n<div class=\"pda-author-line-container\"><a href=\"http:\/\/www.goettinger-tageblatt.de\/Kultur\/Regional\/Jan-Jacek-Sobecki-praesentiert-sich-bei-Art-Supplement\"><span class=\"pda-author-line author vcard\">G\u00f6ttinger Tageblatt- Montag, 3.7.2017<\/span><\/a><span class=\"dtstamp\" title=\"2017-07-03T17:39:00+02:00\">\u00a0<\/span><\/div>\n<\/div>\n<\/div>\n<div class=\"pad-article-prev-container\"><\/div>\n<div class=\"pda-article-image-container\">\n<div class=\"pda-article-img-container\"><img decoding=\"async\" title=\"\" src=\"https:\/\/www.goettinger-tageblatt.de\/var\/storage\/images\/gt-et\/kultur\/regional\/jan-jacek-sobecki-praesentiert-sich-bei-art-supplement\/597569735-1-ger-DE\/Auf-den-Punkt-gebracht_big_teaser_article.jpg\" alt=\"\" width=\"100%\" height=\"100%\" data-copyright=\"r\" \/><\/div>\n<\/div>\n<\/div>\n<div class=\"clearBoth\"><\/div>\n<div class=\"pda-article-body\">\n<div id=\"articlesocial\" class=\"pda-article-socialmedia\">\n<div class=\"pda-article-socialmedia-facebook pda-article-socialmedia-facebook_recommend\">\n<div class=\"fb-like fb_iframe_widget\" data-href=\"http:\/\/www.goettinger-tageblatt.de\/Kultur\/Regional\/Jan-Jacek-Sobecki-praesentiert-sich-bei-Art-Supplement\" data-layout=\"button_count\" data-action=\"recommend\" data-show-faces=\"true\" data-share=\"false\"><b>G\u00f6ttingen<\/b>. &#8222;Wie es seine Art ist, wollte er kein Aufhebens um seine Person machen&#8220;,\u00a0 <i class=\"pda-abody-i\">schickte\u00a0<\/i> <i class=\"pda-abody-i\">J\u00f6rg Dreykluft<\/i>\u00a0von der Galerie Alte Feuerwache voraus, bevor er \u00fcberleitete zu Josef Hilker, der mit einem leichten Gitarrenst\u00fcck in die Ausstellung einleitete. Au\u00dfer einer kurzen Einf\u00fchrung von Miriam Hilker war es das &#8211; nicht einmal zehn Minuten sp\u00e4ter hatten die Besucher der Vernissage Gelegenheit, sich mit den Werken\u00a0Sobeckis zu besch\u00e4ftigen.<\/div>\n<\/div>\n<\/div>\n<div id=\"articlecontent\" class=\"pda-abody entry-content fb-quotable\">\n<p class=\"pda-abody-p\">Der k\u00fcnstlerische Leiter der Galerie stellt bis Ende Juli unter seinem Vornamen aus. Zu sehen gibt es kleinformatige Werke auf Papier,\u00a0Jan-Jacek hat sie mit Tusche und in Aquarelltechnik gestaltet. Das Format erkl\u00e4re sich aus der Vorliebe\u00a0Jan-Jaceks, unterwegs zu arbeiten, erkl\u00e4rt Miriam Hilker. &#8222;Die Zeichnungen entstehen im Caf\u00e9, an Orten, an denen man zur Ruhe kommt&#8220;, sagt sie.\u00a0Jan-Jacek best\u00e4tigt, das Ritual des Kaffeetrinkens habe einen festen Platz in seinem Alltag wie auch in seinem k\u00fcnstlerischen Schaffen. Obwohl er sich dabei mitten im Geschehen befinde, habe er auf diese Weise Gelegenheit, sich intensiv und konzentriert mit seinen Werken zu besch\u00e4ftigen.<br \/>\nKonzentration und Ruhe im Gegensatz zu der ihn umgebenden Schnelllebigkeit &#8211; das ist es, was\u00a0Jan-Jacek in seinen Bildern zeigt. Dabei bricht er etwas auf, das im Alltag der meisten Menschen ein festes Ritual geworden ist: Ein Motiv wird mit einem Tippen auf das Display zu einem Bild, zusammengesetzt aus unz\u00e4hligen Pixeln. Binnen k\u00fcrzester Zeit ist es da, ein Abbild der Zeit, in der wir Leben.\u00a0Jan-Jaceks Bilder bestehen ebenfalls aus Pixeln, lauter kleinen Punkten, die er &#8211; manchmal einfach mit einem Edding auf eine Postkarte &#8211; bringt. Sie dienen nicht dazu, sp\u00e4ter Erinnerungen zu erm\u00f6glichen, wie es Handy-Fotos vielleicht t\u00e4ten. Sie entstehen aus Erinnerungen, wie er sagt. Oder aus Tr\u00e4umen, die er zu einem Bild zusammenfasst. Oder aus dem Konzentrat dessen, was ihm nach der Lekt\u00fcre eines guten Buches als Essenz geblieben ist. So finden sich beispielsweise die Figuren Ikarus und\u00a0Don Quijote mehrfach in den Werken wieder. &#8222;Figuren, die mich einfach besch\u00e4ftigen&#8220;, sagt der Mann im hochgeschlossenen schwarzen Hemd und mit schmaler Brille, dessen Kleidung \u00e4hnlich minimalistisch wirkt wie seine Kunst in dem schlicht gehaltenen wei\u00dfen Raum.<br \/>\nDie Zeichnungen zeigen nicht realistisch und in allen Farben, wie Jan-Jacek die Welt wahrnimmt. Sie zeigen minimalistische Konzentrate, die manchmal wirken wie alte Fotografien in grobk\u00f6rniger Aufl\u00f6sung, manchmal wie Mosaike oder stark reduzierte Radierungen und manchmal wie Schwarz-Wei\u00df-Kopien. Nur wenige der Motive sind farbig gestaltet &#8211; ebenfalls eine Folge der Produktion unterwegs, wie Jan-Jacek sagt. Je weniger er bei sich habe, um seine Kunst entstehen zu lassen, desto effektiver sei die Arbeit f\u00fcr ihn zu gestalten. Geplant gehe er dabei nicht vor. Manchmal beginne er &#8211; im Innehalten &#8211; einfach mit einem Punkt.<\/p>\n<hr \/>\n<h2><em>Denkm<\/em><em>al! Kunst \u2013 Kunst Denkmal!<\/em><\/h2>\n<p style=\"text-align: left;\" align=\"center\">7. &#8211; 14.10. 2007 Rathaus, Hann.M\u00fcnden<\/p>\n<p>Denkmal!Kunst &#8211; Kunst Denkmal! Unter diesem Titel steht der Region ein bislang einzigartiges Festival bevor : 40 K\u00fcnstler stellen aus und arbeiten in 20 Baudenkm\u00e4lern der M\u00fcndener Innenstadt. Eingebunden sind Konzerte von klassischer bis experimenteller Performances, Lesungen und Tanz in vielen dieser Geb\u00e4uden. Die Galerie Dreiklang nimmt mit 10 K\u00fcnstlern im historischen Rathaus von Hann.M\u00fcnden daran teil: Alexander Lachno, Antoine Carvalho, Janos Enyedy, Giesela Hyllus, Jan-Jacek Sobecki, Dmitri Janowsky, Wladimir Fufachev, Valentin Kutz, Janosch Enyedy, Nina\u00a0 Geling, Ekkahart Bouchon.<br \/>\n<a href=\"https:\/\/denkmalkunst-kunstdenkmal.de\/hann-muenden\/jan-jacek-sobecki\/\">http:\/\/www.denkmalkunst-kunstdenkmal.de\/<\/a><\/p>\n<\/div>\n<\/div>\n","protected":false},"excerpt":{"rendered":"<p>Auf den Punkt gebracht &#8222;Zeichnungen&#8220;, nicht &#8222;Gro\u00dfe Worte&#8220; ist die Ausstellung von Jan-Jacek in der Galerie Art Supplement \u00fcberschrieben. Ebenso ist sie er\u00f6ffnet worden. G\u00f6ttinger Tageblatt- Montag, 3.7.2017\u00a0 G\u00f6ttingen. &#8222;Wie es seine Art ist, wollte er kein Aufhebens um seine Person machen&#8220;,\u00a0 schickte\u00a0 J\u00f6rg Dreykluft\u00a0von der Galerie Alte Feuerwache voraus, bevor er \u00fcberleitete zu Josef &hellip; <\/p>\n<p class=\"link-more\"><a href=\"http:\/\/blog.art-supplement.de\/?page_id=469\" class=\"more-link\"><span class=\"screen-reader-text\">\u201eJan-Jacek\u201c <\/span>weiterlesen<\/a><\/p>\n","protected":false},"author":1,"featured_media":0,"parent":185,"menu_order":0,"comment_status":"closed","ping_status":"closed","template":"","meta":{"footnotes":""},"class_list":["post-469","page","type-page","status-publish","hentry","entry"],"aioseo_notices":[],"_links":{"self":[{"href":"http:\/\/blog.art-supplement.de\/index.php?rest_route=\/wp\/v2\/pages\/469","targetHints":{"allow":["GET"]}}],"collection":[{"href":"http:\/\/blog.art-supplement.de\/index.php?rest_route=\/wp\/v2\/pages"}],"about":[{"href":"http:\/\/blog.art-supplement.de\/index.php?rest_route=\/wp\/v2\/types\/page"}],"author":[{"embeddable":true,"href":"http:\/\/blog.art-supplement.de\/index.php?rest_route=\/wp\/v2\/users\/1"}],"replies":[{"embeddable":true,"href":"http:\/\/blog.art-supplement.de\/index.php?rest_route=%2Fwp%2Fv2%2Fcomments&post=469"}],"version-history":[{"count":23,"href":"http:\/\/blog.art-supplement.de\/index.php?rest_route=\/wp\/v2\/pages\/469\/revisions"}],"predecessor-version":[{"id":1078,"href":"http:\/\/blog.art-supplement.de\/index.php?rest_route=\/wp\/v2\/pages\/469\/revisions\/1078"}],"up":[{"embeddable":true,"href":"http:\/\/blog.art-supplement.de\/index.php?rest_route=\/wp\/v2\/pages\/185"}],"wp:attachment":[{"href":"http:\/\/blog.art-supplement.de\/index.php?rest_route=%2Fwp%2Fv2%2Fmedia&parent=469"}],"curies":[{"name":"wp","href":"https:\/\/api.w.org\/{rel}","templated":true}]}}