{"id":485,"date":"2017-09-04T21:45:46","date_gmt":"2017-09-04T19:45:46","guid":{"rendered":"http:\/\/blog.art-supplement.de\/?page_id=485"},"modified":"2017-09-09T13:06:20","modified_gmt":"2017-09-09T11:06:20","slug":"karl-oppermann","status":"publish","type":"page","link":"http:\/\/blog.art-supplement.de\/?page_id=485","title":{"rendered":"Karl Oppermann"},"content":{"rendered":"<h3><!-- x-tinymce\/html -->Karl Oppermann stellt in G\u00f6ttingen aus<\/h3>\n<p><img loading=\"lazy\" decoding=\"async\" class=\"size-large wp-image-484 alignnone\" src=\"http:\/\/blog.art-supplement.de\/wp-content\/uploads\/2017\/09\/Karl-Oppermann-1024x689.jpeg\" alt=\"\" width=\"840\" height=\"565\" srcset=\"http:\/\/blog.art-supplement.de\/wp-content\/uploads\/2017\/09\/Karl-Oppermann-1024x689.jpeg 1024w, http:\/\/blog.art-supplement.de\/wp-content\/uploads\/2017\/09\/Karl-Oppermann-300x202.jpeg 300w, http:\/\/blog.art-supplement.de\/wp-content\/uploads\/2017\/09\/Karl-Oppermann-768x517.jpeg 768w, http:\/\/blog.art-supplement.de\/wp-content\/uploads\/2017\/09\/Karl-Oppermann.jpeg 1104w\" sizes=\"auto, (max-width: 840px) 100vw, 840px\" \/><\/p>\n<p><a href=\"http:\/\/www.goettinger-tageblatt.de\/Kultur\/Regional\/Karl-Oppermann-stellt-in-Goettingen-aus\"><span class=\"pda-author-line author vcard\">G\u00f6ttinger Tageblatt- Montag, <\/span>4.9.2017<\/a><\/p>\n<p class=\"pda-abody-p\">\u00d6lbilder und Collagen zeigt der Leipziger K\u00fcnstler Karl Oppermann in der G\u00f6ttinger Galerie Art Supplement. Die Ausstellung unter dem Titel \u201eHexenlust und Engeltraum\u201c wird am Freitag, 8. September, er\u00f6ffnet.<\/p>\n<p class=\"pda-abody-p\">Zur Er\u00f6ffnung der Ausstellung, die um 19 Uhr in dem Geb\u00e4ude an der Burgstra\u00dfe 37a beginnt, spricht nach Angaben der Veranstalter Karl Anton, Maler aus Leipzig.Oppermann wurde am 30. Oktober 1930 in Wernigerode in eine Handwerkerfamilie hinein geboren. Bereits als Jugendlicher soll er den Wunsch gehabt haben, Maler zu werden und zu schreiben.<\/p>\n<p class=\"pda-abody-p\">1950 ging er \u2013 aus politischen Gr\u00fcnden \u2013 nach West-Berlin, wo er ein Studium an der Hochschule f\u00fcr Bildende K\u00fcnste begann. Dort besch\u00e4ftigte er sich mit Bildhauerei und Malerei. 1952 lernte er w\u00e4hrend einer Paris-Reise G\u00fcnter Grass kennen, mit dem er nach Angaben der Veranstalter seit den gemeinsamen Studienjahren an der Hochschule f\u00fcr Bildende K\u00fcnste Berlin befreundet ist. In den 1960er-Jahren wurde Karl Oppermann durch erste Ausstellungen in Berlin bekannt. 1968 wurde er Vorsitzender des Berufsverbandes Bildender K\u00fcnstler und 1971 als Professor f\u00fcr Malerei an der Hochschule f\u00fcr Bildende K\u00fcnste Berlin berufen. Hier lehrte er 25 Jahre. Er verbrachte Arbeitsaufenthalte in Spanien, in der Villa Romana in Florenz und ab 1967 auf der Insel Elba. Seine Arbeiten finden sich heute in vielen Museen, so im J\u00fcdischen Museum in Berlin, im Kupferstichkabinett Berlin, Landesmuseum Bonn, Kupferstichkabinett Dresden, Biblioteca National de Madrid, Stiftung Berlin Museum und in \u00f6ffentlichen Institutionen und Banken. 1996 zog Karl Oppermann zur\u00fcck in die N\u00e4he seines Heimatortes Wernigerode, nach Veckenstedt.<\/p>\n<p class=\"pda-abody-p\">Der Maler und Autor Oppermann hat, so ist es auf seiner Website zu lesen, 2003 den Kunstpreis der Stadt Wernigerode erhalten. 2006 wurde ihm der Sankt-Andreas-Kunstpreis verliehen. Seit 2009 existiert die \u201eStiftung Karl Oppermann\u201c an der Hochschule Harz, die dauerhaft Werke des K\u00fcnstlers zeigt und sowohl dessen regionalen Bezug als auch die Internationalit\u00e4t seiner Themen w\u00fcrdigen will. 2015 bekam Oppermann die Ehrennadel des Landes Sachsen-Anhalt verliehen.<\/p>\n<p class=\"pda-abody-p\">Die Motive \u201eHexen\u201c und Engel\u201c begleiten Oppermann eigenen Angaben zufolge, seit er \u201eden Brocken vor Augen\u201c habe \u2013 seit er n\u00e4mlich sein Atelier im Vorharz habe. Dabei ist er, wie in vielen seiner fr\u00fcheren Bilder, dem Mystischen, etwa der Walpurgisnacht, auf der Spur. Der \u201eBerg der Deutschen\u201c, der Deutschlands Teilung symbolisiere, treffe dabei auch auf sein \u201eBed\u00fcrfnis nach politischer Aussage\u201c, hei\u00dft es auf seiner Website.<\/p>\n<p class=\"pda-abody-p\"><i class=\"pda-abody-i\">Von Nadine Eckermann<\/i><\/p>\n<hr \/>\n<h3>Karl Oppermann:<\/h3>\n<p><a href=\"http:\/\/www.karloppermann.eu\/\">Homepage<\/a>,<a href=\"https:\/\/de.wikipedia.org\/wiki\/Karl_Oppermann\">\u00a0Wikipedia<\/a><\/p>\n<p><a href=\"https:\/\/www.hs-harz.de\/hochschule\/offener-campus\/kunst-und-kultur\/stiftung-karl-oppermann\/\">Stiftung Karl Oppermann<\/a>,<\/p>\n<p><a href=\"https:\/\/www.rimo-art-magdeburg.de\/karl-oppermann\/\">Ehrennadel des Landes Sachsen-Anhalt (2015)<\/a><\/p>\n<p><a href=\"https:\/\/www.google.de\/url?sa=t&amp;rct=j&amp;q=&amp;esrc=s&amp;source=web&amp;cd=20&amp;cad=rja&amp;uact=8&amp;ved=0ahUKEwiQ172xo4zWAhVDOBoKHTweCKA4ChC3AghRMAk&amp;url=https%3A%2F%2Fwww.youtube.com%2Fwatch%3Fv%3DgQCMrUxGC2I&amp;usg=AFQjCNFEC0pt946r-xe4_rzZIgyzhuH63g\">Karl Oppermann zum 85. Geburtstag<\/a><\/p>\n<p><a href=\"http:\/\/www.berliner-zeitung.de\/der-maler-karl-oppermann-zeigt-neo-expressionistische-werke-ein-preussischer-suedlaender-stellt-das-spiessertum-bloss-16983840\">Berlin: Der Maler Karl Oppermann zeigt neo-expressionistische Werke\u00a0(1996)<\/a><\/p>\n<p><a href=\"https:\/\/www.rimo-art-magdeburg.de\/karl-oppermann\/\">RIMO-Art\u00a0(Magdeburg)<\/a><\/p>\n<p><a href=\"https:\/\/arthotel-kiebitzberg.de\/ausstellung-karl-oppermann\/\">ArtHotel Kibitzberg 2017<\/a><\/p>\n<p><a href=\"https:\/\/browse.gallery\/kuenstler\/karl-oppermann\/\">The Browse Gallery<\/a><\/p>\n<h3>Buchver\u00f6ffentlichungen:<\/h3>\n<p><!-- x-tinymce\/html --><img loading=\"lazy\" decoding=\"async\" class=\"alignleft wp-image-490\" src=\"http:\/\/blog.art-supplement.de\/wp-content\/uploads\/2017\/09\/K.-Oppermann-nachschlag-159844073.jpg\" alt=\"\" width=\"333\" height=\"333\" srcset=\"http:\/\/blog.art-supplement.de\/wp-content\/uploads\/2017\/09\/K.-Oppermann-nachschlag-159844073.jpg 200w, http:\/\/blog.art-supplement.de\/wp-content\/uploads\/2017\/09\/K.-Oppermann-nachschlag-159844073-150x150.jpg 150w\" sizes=\"auto, (max-width: 333px) 100vw, 333px\" \/><!-- x-tinymce\/html --><img loading=\"lazy\" decoding=\"async\" class=\"alignleft size-large wp-image-491\" src=\"http:\/\/blog.art-supplement.de\/wp-content\/uploads\/2017\/09\/K.-Oppermann-wechselgesang-159844520.jpg\" alt=\"\" width=\"200\" height=\"335\" srcset=\"http:\/\/blog.art-supplement.de\/wp-content\/uploads\/2017\/09\/K.-Oppermann-wechselgesang-159844520.jpg 200w, http:\/\/blog.art-supplement.de\/wp-content\/uploads\/2017\/09\/K.-Oppermann-wechselgesang-159844520-179x300.jpg 179w\" sizes=\"auto, (max-width: 200px) 100vw, 200px\" \/><\/p>\n<p>&nbsp;<\/p>\n<p>&nbsp;<\/p>\n","protected":false},"excerpt":{"rendered":"<p>Karl Oppermann stellt in G\u00f6ttingen aus G\u00f6ttinger Tageblatt- Montag, 4.9.2017 \u00d6lbilder und Collagen zeigt der Leipziger K\u00fcnstler Karl Oppermann in der G\u00f6ttinger Galerie Art Supplement. Die Ausstellung unter dem Titel \u201eHexenlust und Engeltraum\u201c wird am Freitag, 8. September, er\u00f6ffnet. Zur Er\u00f6ffnung der Ausstellung, die um 19 Uhr in dem Geb\u00e4ude an der Burgstra\u00dfe 37a beginnt, &hellip; <\/p>\n<p class=\"link-more\"><a href=\"http:\/\/blog.art-supplement.de\/?page_id=485\" class=\"more-link\"><span class=\"screen-reader-text\">\u201eKarl Oppermann\u201c <\/span>weiterlesen<\/a><\/p>\n","protected":false},"author":1,"featured_media":0,"parent":185,"menu_order":0,"comment_status":"closed","ping_status":"closed","template":"","meta":{"footnotes":""},"class_list":["post-485","page","type-page","status-publish","hentry","entry"],"aioseo_notices":[],"_links":{"self":[{"href":"http:\/\/blog.art-supplement.de\/index.php?rest_route=\/wp\/v2\/pages\/485","targetHints":{"allow":["GET"]}}],"collection":[{"href":"http:\/\/blog.art-supplement.de\/index.php?rest_route=\/wp\/v2\/pages"}],"about":[{"href":"http:\/\/blog.art-supplement.de\/index.php?rest_route=\/wp\/v2\/types\/page"}],"author":[{"embeddable":true,"href":"http:\/\/blog.art-supplement.de\/index.php?rest_route=\/wp\/v2\/users\/1"}],"replies":[{"embeddable":true,"href":"http:\/\/blog.art-supplement.de\/index.php?rest_route=%2Fwp%2Fv2%2Fcomments&post=485"}],"version-history":[{"count":6,"href":"http:\/\/blog.art-supplement.de\/index.php?rest_route=\/wp\/v2\/pages\/485\/revisions"}],"predecessor-version":[{"id":495,"href":"http:\/\/blog.art-supplement.de\/index.php?rest_route=\/wp\/v2\/pages\/485\/revisions\/495"}],"up":[{"embeddable":true,"href":"http:\/\/blog.art-supplement.de\/index.php?rest_route=\/wp\/v2\/pages\/185"}],"wp:attachment":[{"href":"http:\/\/blog.art-supplement.de\/index.php?rest_route=%2Fwp%2Fv2%2Fmedia&parent=485"}],"curies":[{"name":"wp","href":"https:\/\/api.w.org\/{rel}","templated":true}]}}