{"id":570,"date":"2018-01-05T21:14:08","date_gmt":"2018-01-05T19:14:08","guid":{"rendered":"http:\/\/blog.art-supplement.de\/?page_id=570"},"modified":"2018-01-06T15:35:41","modified_gmt":"2018-01-06T13:35:41","slug":"ammar-hatem-und-nagham-hammoush","status":"publish","type":"page","link":"http:\/\/blog.art-supplement.de\/?page_id=570","title":{"rendered":"Ammar Hatem und Nagham Hammoush"},"content":{"rendered":"<h2 class=\"id-Article-headline \">Ungew\u00f6hnliche Kunst zum Jahresbeginn in G\u00f6ttingen<\/h2>\n<p class=\"id-Article-date \"><time class=\"id-DateTime id-Article-date-time--published\" datetime=\"2018-01-04T12:32\"><span class=\"id-DateTime-date\"><a href=\"https:\/\/www.hna.de\/lokales\/goettingen\/goettingen-ort28741\/ungewoehnliche-kunst-zum-jahresbeginn-in-goettingen-9498443.html\">HNA<\/a>: 04.01.18<\/span> <span class=\"id-DateTime-time\">12:32<\/span><\/time><\/p>\n<div class=\"id-Article-body id-Article-body--margin lp_article_content\">\n<p>In der Galerie Art Supplement stellen Absolventen der Universit\u00e4t Damaskus zwischen dem 7. Januar und 8. Februar aus.\u00a0 &#8230;<\/p>\n<div class=\"p402_hide\">\n<p class=\"id-Article-content-item\">Ein ganz anderes kulturelles Erlebnis bildet die Gruppenausstellung \u201eTreffpunkt\u201c. Nader Hamzi, Nagham Hammoush, Obaidah Zorik, Wail Sukkari und Ammar Hatem haben alle gemeinsam in Damaskus studiert und sich auf Einladung der Akademie der K\u00fcnste in Berlin wiedergetroffen. Hier entstand die Idee zu einer gemeinsamen Ausstellung, in der Werke aus der Zeit in Damaskus und aktuelle Bilder zu sehen sein werden.<\/p>\n<p class=\"id-Article-content-item\">Die Er\u00f6ffnungs-Vernissage ist am Sonntag, 7. Januar, um 12 Uhr in der Galerie Art Supplement. Am 8. Februar besteht im Rahmen der Finissage auch die M\u00f6glichkeit, mit den K\u00fcnstlern ins Gespr\u00e4ch zu kommen.<\/p>\n<\/div>\n<\/div>\n<hr \/>\n<h3>Presseinformation: Aus der Erde<\/h3>\n<p class=\"text\"><a href=\"http:\/\/www.uni-goettingen.de\/de\/3240.html?cid=5935\">Nr. 192\/2017 &#8211; 05.10.2017<\/a><\/p>\n<p class=\"text\">Ausstellung im Zoologischen Museum wird am 15. Oktober 2017 er\u00f6ffnet<\/p>\n<p>(pug) Mit einer k\u00fcnstlerischen Intervention zur Evolution der Wale wird am Sonntag, 15. Oktober 2017, die Ausstellung \u201eAus der Erde\u201c im Zoologischen Museum der Universit\u00e4t G\u00f6ttingen er\u00f6ffnet. Der Kustos des Museums, Dr. Gert Tr\u00f6ster, pr\u00e4sentiert das Mixed Media-Werk des syrischen K\u00fcnstlers Ammar Hatem. Die Matinee beginnt um 11 Uhr an der Berliner Stra\u00dfe 28.<\/p>\n<p>\u201eTiere sind eine Inspirationsquelle f\u00fcr den Menschen, f\u00fcr seine Kunst, seine Technologien&#8220;, so Hatem. Der K\u00fcnstler realisierte bereits verschiedene Ausstellungen in Syrien und Deutschland. In Damaskus studierte er \u201eSch\u00f6ne K\u00fcnste\u201c. Die Tierwelt geh\u00f6rt zu seinen bevorzugten Motiven. Im Zoologischen Museum finden diese einen geeigneten Platz: \u201eAus der Erde\u201c wird neben dem \u201eG\u00f6ttinger Pottwal\u201c gezeigt, dem 17 Meter langen Skelett eines Pottwalbullens. Auch das Interesse, bedrohte Tierarten zu dokumentieren, verbindet den K\u00fcnstler mit dem Museum. Hatems Ansicht nach verliert die Menschheit mit jedem Aussterben einer Tierart eine Idee. Seine k\u00fcnstlerische Intervention f\u00fcgt sich daher harmonisch in die G\u00f6ttinger Sammlung ein. Auch diese pr\u00e4sentiert seltene und h\u00e4ufig ausgestorbene Tierarten aus aller Welt, die zugleich die Evolution im Tierreich belegen.<\/p>\n<p>\u201eAus der Erde: Eine k\u00fcnstlerische Intervention zur Evolution der Wale\u201c ist bis zum 18. Februar 2018 sonntags von 10 bis 16 Uhr im Rahmen der Sonntagsspazierg\u00e4nge der Universit\u00e4t G\u00f6ttingen zu sehen.<\/p>\n<p><b>Kontakt<\/b><br \/>\nDr. Gert Tr\u00f6ster<br \/>\nGeorg-August-Universit\u00e4t G\u00f6ttingen<br \/>\nKustos Zoologisches Museum<br \/>\nBerliner Stra\u00dfe 28<br \/>\nTelefon: (0551) 39-5524<br \/>\nE-Mail: <a>gtroest@gwdg.de<\/a><br \/>\nInternet: <a href=\"http:\/\/www.uni-goettingen.de\/de\/65520.html\">www.uni-goettingen.de\/de\/65520.html<\/a><\/p>\n<h3><!-- Alle Pressenachrichten --> <!-- Rechte Sidebar --><\/h3>\n<aside class=\"col-sm-4\"><!-- Bild --><\/p>\n<div class=\"box\">\n<p><img decoding=\"async\" class=\"side-image\" src=\"http:\/\/www.uni-goettingen.de\/admin\/bilder\/pictures\/1fb4adf5d10af6f9d18e35a76f908f4d.jpg\" alt=\"Ammar Hatem_720\" \/><\/p>\n<p class=\"text\">Der syrische K\u00fcnstler Ammar Hatem<\/p>\n<p><u><img decoding=\"async\" class=\"imagetag\" src=\"http:\/\/www.uni-goettingen.de\/admin\/bilder\/pictures\/3cb6b61289d9274d195ccbe4babc0b3e.jpg\" alt=\"Ammar Hatem_KAZ_720\" \/><br \/>\n<\/u>\u00a0Ammar Hatem im KAZ<br \/>\nFotos: Max Leonard Remke<\/p>\n<\/div>\n<\/aside>\n<hr \/>\n<h3>Ausstellung \u201e\u00d6ffne mir die Augen, dass ich sehe\u201c<\/h3>\n<p>Es ist \u201eso ein guter Ort daf\u00fcr\u201c<\/p>\n<div class=\"pda-article-intro\">\n<p class=\"pda-aintro-p\">Sie befassen sich mit dem gleichen Thema und sind doch so unterschiedlich: leise und wortkarg, gro\u00dfformatig und bunt, traditionell. \u201e\u00d6ffne mir die Augen, dass ich sehe\u201c, ist der Titel einer Ausstellung mit Bildern von drei K\u00fcnstlern, die eines verbindet: Flucht. Am Sonnabend wurde sie in der Reinh\u00e4user Kirche er\u00f6ffnet.<\/p>\n<\/div>\n<div class=\"pda-hmedia pda-article-fullsize hmedia\">\n<div class=\"pda-article-lead-feature\">\n<div class=\"pda-articledate\">\n<p><a href=\"http:\/\/www.goettinger-tageblatt.de\/Duderstadt\/Die-Region\/Gleichen\/Oeffne-mir-die-Augen-dass-ich-sehe-in-der-St.-Christophorus-Kirche-in-Reinhausen\">G\u00f6ttinger Tageblatt<\/a><span class=\"dtstamp\" title=\"2017-04-09T09:21:00+02:00\">\u00a0Sonntag, 09.04.2017<\/span><\/p>\n<\/div>\n<div class=\"pda-articledate\">\n<div>Er\u00f6ffnung der Bilderausstellung\u00a0<b>\u201e\u00d6ffne mir die Augen, dass ich sehe\u201c<\/b> mit Bildern der K\u00fcnstler Helmut Boeder (von links), Diemarden, <strong>Ammar Hatem<\/strong> und Nagham Hammoush, Damaskus\/Syrien.<\/div>\n<\/div>\n<\/div>\n<div class=\"pad-article-prev-container\">\n<div class=\"fn pda-imagecaption\">\n<div class=\"pda-contributor pda-imagephotograph\"><img loading=\"lazy\" decoding=\"async\" class=\"photo\" title=\"Er\u00f6ffnung der Bilderausstellung \u201e\u00d6ffne mir die Augen, dass ich sehe\u201c mit Bildern der K\u00fcnstler Helmut Boeder (von links), Diemarden, Ammar Hatem und Nagham Hammoush, Damaskus\/Syrien.\" src=\"http:\/\/www.goettinger-tageblatt.de\/var\/storage\/images\/gt-et\/region\/gleichen\/oeffne-mir-die-augen-dass-ich-sehe-in-der-st.-christophorus-kirche-in-reinhausen\/565798000-1-ger-DE\/Es-ist-so-ein-guter-Ort-dafuer_pdaArticleWide.jpg\" alt=\"Er\u00f6ffnung der Bilderausstellung \u201e\u00d6ffne mir die Augen, dass ich sehe\u201c mit Bildern der K\u00fcnstler Helmut Boeder (von links), Diemarden, Ammar Hatem und Nagham Hammoush, Damaskus\/Syrien.\" width=\"505\" height=\"336\" \/><!-- ZONE CONTENT: START --><\/div>\n<\/div>\n<\/div>\n<div class=\"pda-article-image-container\">\n<div>Quelle: <span class=\"contributor imagephotograph\"> Heller<\/span><!-- ARTIKEL --><\/div>\n<\/div>\n<\/div>\n<div class=\"pda-article-body\">\n<div id=\"articlecontent\" class=\"pda-abody entry-content fb-quotable\">\n<p class=\"pda-abody-p\"><b>Reinhausen<\/b>. Eine Kunstausstellung in einer Kirche \u2013 schon das ist besonders. Drei so unterschiedliche K\u00fcnstler, die sich so unauff\u00e4llig aber unausweichlich zu etwas Gemeinsamen vereinen, umso mehr. Mit Helmut Boeder aus Diemarden und dem Fl\u00fcchtlings-Ehepaar Ammar Hatem und Nagham Hammoush aus Damaskus in Syrien hat die Reinh\u00e4user Kulturinitiative \u201eMusik auf dem Kirchberg\u201c Bilder-Schaffende zusammengef\u00fchrt, deren Werke (Ein)Blicke und Empfindungen \u00f6ffnen, die oft erst auf dem zweiten und genaueren Blick \u00fcberraschen und ergreifen. Boeder verarbeitet mit seinen feinnstrichigen Zeichnungen seine eigene Flucht aus Pommern vor 70 Jahren. Die gro\u00dffl\u00e4chigen, bedrohlich und zugleich fr\u00f6hlich wirkenden Tiermotive von Hatem bilden dazu einen deutlichen Kontrast, sind auf ihre Art aber nicht weniger tiefgehend. Auch Hammoush zeichnet Tiermotive \u2013 aus alten Mythen und alten Kulturen. In der Linolschnittechnik wirken sie traditionell.<br \/>\n\u201eSie alle warten auf unser Sehen, auf dass wir uns auf sie einlassen und die Augen \u00f6ffnen\u201c, sagte Pastorin Christiane Scheller zur Er\u00f6ffnung der Ausstellung. Sie solle vor allem die Augen f\u00fcr die Schlagworte im Untertitel des Leitthemas: \u201eErinnerung \u2013 Mahnung \u2013 Zukunft\u201c. Portr\u00e4ts \u00fcber die beiden syrischen K\u00fcnstler im G\u00f6ttinger Tageblatt h\u00e4tten die Reinh\u00e4user Kulturinitiative auf die Idee gebracht, die jungen K\u00fcnstler zum Thema Flucht gemeinsam mit Boeder in ihre Kirche zu holen, erkl\u00e4rte der Mitinitiator Christian Laack.<br \/>\nDass ihre Bilder in einer Kirche h\u00e4ngen, \u201eist einfach ein sch\u00f6nes Gef\u00fchl\u201c, sagte Hammoush. Die 1000 Jahre alte Kirche \u201emit ihren so alten festen Steinmauern\u201c sei \u201eso ein guter Ort daf\u00fcr\u201c, erg\u00e4nzte Hatem, zu dessen Werken auch eine au\u00dfergew\u00f6hnliche Ikone geh\u00f6rt \u2013 ebenfalls mit einem Tier-Wesen. \u201eEin w\u00fcrdevoller Ort mit einer tollen Atmosph\u00e4re\u201c, findet Boeder.<\/p>\n<\/div>\n<\/div>\n<hr \/>\n<h3 class=\"content-title\">K\u00fcnstlerehepaar aus Damaskus pr\u00e4sentiert &#8222;Flut &#8222;<\/h3>\n<div class=\"content-text\">\n<div class=\"magazinetext\">\n<p><span class=\"magazineshorttext\">Vom 03. bis zum 20. November 2016 pr\u00e4sentiert das K\u00fcnstlerehepaar Nagham Hammoush und Ammar Hatem seine Werke in der <a href=\"https:\/\/www.goettingen.de\/magazin\/artikel.php?artikel=20038&amp;menuid=620\">Ausstellung<\/a> &#8222;Flut &#8211; Kunst aus Damaskus&#8220;. Die Er\u00f6ffnung findet am 03. November um 19.00 im Gew\u00f6lbekeller des K\u00fcnstlerhauses statt. <\/span><\/p>\n<\/div>\n<div class=\"magazinetext\">\n<p><!-- container_top --><\/p>\n<div class=\"medien-tpl-cont-top text\">\n<p><!-- container_image --><\/p>\n<div class=\"medien-tpl-cont-image text\"><img loading=\"lazy\" decoding=\"async\" title=\"Bildbeispiel aus der Ausstellung &quot;Flut&quot;. Foto: Ammar Hatem\" src=\"https:\/\/www.goettingen.de\/pics\/medien\/thumb_image_1477577076814.jpeg\" alt=\"Bildbeispiel aus der Ausstellung &quot;Flut&quot;. Foto: Ammar Hatem\" width=\"150\" height=\"214\" \/><!-- --><\/div>\n<p><!-- container_zoomheading --><\/p>\n<div class=\"medien-tpl-cont-zoomheading picturetext\">Bildbeispiel aus der Ausstellung &#8222;Flut&#8220;. Foto: Ammar Hatem <!--SPACER--><\/div>\n<p><!-- container_bottom --><\/p>\n<\/div>\n<p>Die Ausstellung im K\u00fcnstlerhaus G\u00f6ttingen ist ein gemeinsames Projekt eines K\u00fcnstlerehepaars aus Damaskus. Beide haben mehrere Male in Damaskus und in anderen St\u00e4dten Syriens ausgestellt. Beide K\u00fcnstler haben an der Universit\u00e4t Damaskus &#8222;Sch\u00f6ne K\u00fcnste&#8220; studiert: Nagham Hammoush mit dem Schwerpunkt Grafik und Druck, Ammar Hatem mit dem Schwerpunkt Malerei.<br \/>\nNagham Hammoush arbeitet mit den Motiven des Orients und m\u00f6chte &#8222;das reiche Erbe des Ostens&#8220; in ihren Werken pr\u00e4sentieren. Ammar Hatem sagt, er interessiere sich f\u00fcr die Elemente der Natur von Tieren bis zu Mikroorganismen. Er m\u00f6chte sich mit seiner Kunst gegen das &#8222;Aussterben&#8220; und die &#8222;Reduzierung der Menschlichkeit&#8220; einsetzen.<\/p>\n<p>In G\u00f6ttingen leitet Ammar Hatem einen Kunst-Workshop im Kommunikations- und Aktionszentrum KAZ.<br \/>\nDie Ausstellung findet in Kooperation mit der G\u00f6ttinger Fl\u00fcchtlingsinitiative &#8222;find friends- find work&#8220; statt.<\/p>\n<\/div>\n<\/div>\n<hr \/>\n<div class=\"pda-article-body\">\n<div id=\"articlecontent\" class=\"pda-abody entry-content fb-quotable\">\n<div class=\"et_post_meta_wrapper\">\n<h1 class=\"entry-title\">Zeitgen\u00f6ssische Kunst aus Damaskus im K\u00fcnstlerhaus<\/h1>\n<p class=\"post-meta\"><a href=\"https:\/\/www.fluechtlingshilfe-goettingen.de\/zeitgenoessische-kunst-aus-damaskus-im-kuenstlerhaus\/\"><span class=\"published\">1. November 2016<\/span><\/a><\/p>\n<p><u><span style=\"color: #0066cc;\"><img loading=\"lazy\" decoding=\"async\" class=\"initial lazyloading\" src=\"https:\/\/www.fluechtlingshilfe-goettingen.de\/wp-content\/uploads\/2016\/11\/Ausstellung.png\" alt=\"Zeitgen\u00f6ssische Kunst aus Damaskus im K\u00fcnstlerhaus\" width=\"1080\" height=\"675\" data-was-processed=\"true\" \/><\/span><\/u><\/p>\n<\/div>\n<div class=\"entry-content\">\n<div class=\"pf-content\">\n<p>Die Tiefe der assyrischen Schichten in den Drucken der K\u00fcnstlerin Nagham Hammoush und die expressive, kraftvolle Malerei des K\u00fcnstlers Ammar Hatem<\/p>\n<p>Zur Er\u00f6ffnung der Ausstellung Nagham Hamoush und Ammar Hatem am Donnerstag, 03. November 2016, um 19:00 Uhr im gew\u00f6lbekeller laden wir Sie herzlich ein.<br \/>\nBegr\u00fc\u00dfung: Olga Tonkonogova.<br \/>\nDie Ausstellung findet in Kooperation mit der G\u00f6ttinger Fl\u00fcchtlingsinitiative <em>find friends \u2013 find work<\/em> statt.<\/p>\n<p>K\u00fcnstlerhaus G\u00f6ttingen im Lichtenberghaus<br \/>\nGotmarstrasse 1<\/p>\n<\/div>\n<\/div>\n<\/div>\n<\/div>\n<hr \/>\n<h3>Ausstellung im Gew\u00f6lbekeller des K\u00fcnstlerhauses<\/h3>\n<p>K\u00fcnstler aus Syrien<\/p>\n<div class=\"pda-article-intro\">\n<p class=\"pda-aintro-p\">Sie haben dasselbe Sujet gew\u00e4hlt \u2013 die Tierdarstellung. Ihre Arbeitsweisen sind jedoch ganz unterschiedlich. Die Ausstellung \u201eFlut\u201c mit Arbeiten des syrischen K\u00fcnstlerehepaares Nagham Hamoush und Ammar Hatem ist noch bis 20. November im Gew\u00f6lbekeller des K\u00fcnstlerhauses in G\u00f6ttingen zu sehen.<\/p>\n<\/div>\n<div class=\"pda-hmedia pda-article-fullsize hmedia\">\n<div class=\"pda-article-lead-feature\">\n<div class=\"pad-article-prev-box\" data-component=\"linkblock\"><a href=\"http:\/\/www.goettinger-tageblatt.de\/Nachrichten\/Kultur\/Regional\/Ausstellung-im-Gewoelbekeller-des-Kuenstlerhauses\">G\u00f6ttinger Tageblatt<\/a>: <span class=\"dtstamp\" title=\"2016-11-04T18:00:00+01:00\">Freitag, 04.11.2016 18:00 Uhr<\/span><\/div>\n<\/div>\n<div class=\"pad-article-prev-container\">\n<div class=\"pad-article-prev-box\" data-component=\"linkblock\"><\/div>\n<div class=\"fn pda-imagecaption\">\n<p class=\"pda-textparagraph\">Materialmix: Steine hat Ammar Hatem in die Bildoberfl\u00e4che eingearbeitet.<\/p>\n<div class=\"pda-contributor pda-imagephotograph\"><img loading=\"lazy\" decoding=\"async\" class=\"photo\" title=\"Materialmix: Steine hat Ammar Hatem in die Bildoberfl\u00e4che eingearbeitet. \" src=\"http:\/\/www.goettinger-tageblatt.de\/var\/storage\/images\/gt-et\/kultur\/regional\/ausstellung-im-gewoelbekeller-des-kuenstlerhauses\/501808596-1-ger-DE\/Kuenstler-aus-Syrien_pdaArticleWide.jpg\" alt=\"Materialmix: Steine hat Ammar Hatem in die Bildoberfl\u00e4che eingearbeitet. \" width=\"505\" height=\"337\" \/><\/div>\n<\/div>\n<\/div>\n<\/div>\n<div class=\"clearBoth\">Quelle: <span class=\"contributor imagephotograph\"> HW<\/span><\/div>\n<p><!-- ZONE CONTENT: START --><\/p>\n<div class=\"pda-article-body\">\n<div id=\"fb-root\" class=\" fb_reset\">\n<div>\n<div><b>G\u00f6ttingen<\/b>. Er ist Lilablau und eine beeindruckende Erscheinung. Seine Lippen sind wulstig. Sein direkter Blick scheint traurig und m\u00fcde, fast v\u00e4terlich-verst\u00e4ndnisvoll. Man k\u00f6nnte meinen, der Fisch wird gleich abdrehen und dann von der anderen Seite auf den Betrachter zuschwimmen. Auch die Fledermaus, ein K\u00e4fer und die anderen Tiere sind so lebendig, charaktervoll und individuell gemalt, wie man es sonst von gro\u00dfformatigen Portr\u00e4ts von Menschen kennt.<\/div>\n<\/div>\n<\/div>\n<div id=\"articlecontent\" class=\"pda-abody entry-content fb-quotable\">\n<p class=\"pda-abody-p\">Im Dialog zu den mit Acrylfarben gemalten Bildern von Ammar Hatem stehen die Arbeiten seiner Ehefrau Nagham Hamoush, die sich k\u00fcnstlerisch mit den Motiven und Symbolen des Orients besch\u00e4ftigt. Bei Hamoushs kleinformatigen Drucken in Linol- und Holzschnitttechnik, Lithografien, Siebdrucken und Kupferplatten spielen Ornamente eine wichtige Rolle. Die dargestellten Tiere, Pferde, Elefanten, Kamele und anderes Getier sind eingebettet in Ornamente oder bestehen g\u00e4nzlich daraus.<\/p>\n<p class=\"pda-abody-p\">Beide K\u00fcnstler haben an der Universit\u00e4t Damaskus \u201eSch\u00f6ne K\u00fcnste\u201c studiert: Hamoush mit dem Schwerpunkt Grafik und Druck, Hatem mit dem Schwerpunkt Malerei. Es bestehe eine heilige Beziehung zwischen Mensch und Natur, erkl\u00e4rt Hatem im K\u00fcnstlergespr\u00e4ch mit Anne Moldenhauer, Gesch\u00e4ftsf\u00fchrerin des G\u00f6ttinger Kommunikations- und Aktionszentrum KAZ. So nutzt er die Natur als Ausgangspunkt f\u00fcr die k\u00fcnstlerische Gestaltung.<\/p>\n<p class=\"pda-abody-p\">F\u00fcr seine Bilder, die alle in G\u00f6ttingen entstanden sind, hat Hatem, der im Sommer 2015 als Fl\u00fcchtling in Friedland ankam, eine spezielle Technik entwickelt. Um die Natur selbst einzubinden, verwendet er neben Acrylfarben auch Sediment, Sand und Steine. Mit seiner Kunst m\u00f6chte er sich gegen das andauernde Artensterben und \u201edie Reduzierung der Menschlichkeit\u201c einsetzen. \u201eVielleicht haben die Tiere etwas zu sagen\u201c, erl\u00e4utert Hatem, Deutsch sprechend, seine Umsetzung in Tierportr\u00e4ts. \u201eWenn wir Tiere verlieren, verlieren wir auch ihre Technologien, Ideen und Farben.\u201c<\/p>\n<p class=\"pda-abody-p\">Hamoush, die sich bereits in ihrer Abschlussarbeit zum Bachelor of Fine Arts mit dem Thema \u201eTiere\u201c besch\u00e4ftigt hat, arbeitet mit den Motiven des Orients und m\u00f6chte \u201edas reiche Erbe des Ostens\u201c in ihren Werken pr\u00e4sentieren. Grundlage ihrer k\u00fcnstlerischen Auseinandersetzung ist der Formenreichtum der syrischen Kultur und deren Mythologie, die viele Tiere enthalte. Die Linolschnitte seien in G\u00f6ttingen entstanden, die anderen Arbeiten habe sie mitgebracht, erkl\u00e4rt die K\u00fcnstlerin, die vor neun Monaten mit einem Visum nach Deutschland kam. Hatem leitet einen Kunst-Workshop im KAZ, Hamoush ist als Kunstlehrerin t\u00e4tig.<\/p>\n<p class=\"pda-abody-p\">Die Ausstellung wird bis Sonntag, 20. November, dienstags bis freitags von 16 bis 18 Uhr, an den Wochenenden von 11 bis 16 Uhr im K\u00fcnstlerhaus G\u00f6ttingen, Gotmarstra\u00dfe 1 gezeigt. Die Schau findet in Kooperation mit der G\u00f6ttinger Fl\u00fcchtlingsinitiative \u201efind friends \u2013 find work\u201c statt.<\/p>\n<p class=\"pda-abody-p\"><i class=\"pda-abody-i\">Von Karola Hoffmann<\/i><\/p>\n<hr \/>\n<h3>Fl\u00fcchtlinge im Portr\u00e4t<\/h3>\n<p>Ammar Hatem aus Syrien m\u00f6chte weiter Kunst studieren<\/p>\n<p><a href=\"http:\/\/www.goettinger-tageblatt.de\/Goettingen\/Ammar-Hatem-aus-Syrien-moechte-weiter-Kunst-studieren\">G\u00f6ttinger Tageblatt<\/a>: 16.1.2016<\/p>\n<div class=\"pda-article-intro\">\n<p class=\"pda-aintro-p\">Jeden Tag kommen Tausende Menschen nach Deutschland, in \u00fcberf\u00fcllten Z\u00fcgen, maroden K\u00e4hnen &#8211; und erreichen auch die Region. Hier warten die Migranten auf das Ende ihres Asylverfahrens &#8211; und auf ein besseres Leben. Einige stellen wir in loser Reihenfolge vor. Heute: Ammar Hatem aus Syrien:<\/p>\n<\/div>\n<div class=\"pda-hmedia pda-article-fullsize hmedia\">\n<div class=\"pad-article-prev-container\">\n<div class=\"fn pda-imagecaption\">\n<p class=\"pda-textparagraph\">&#8222;Ich m\u00f6chte den Menschen die antike arabische Welt zeigen&#8220;<\/p>\n<div class=\"pda-contributor pda-imagephotograph\"><img loading=\"lazy\" decoding=\"async\" class=\"photo\" src=\"http:\/\/www.goettinger-tageblatt.de\/var\/storage\/images\/gt-et\/goettingen\/uebersicht\/ammar-hatem-aus-syrien-moechte-weiter-kunst-studieren\/343154114-1-ger-DE\/Ammar-Hatem-aus-Syrien-moechte-weiter-Kunst-studieren_pdaArticleWide.jpg\" width=\"505\" height=\"337\" \/><br \/>\n<em>Quelle: <span class=\"contributor imagephotograph\"> Hallmann<\/span><\/em><\/div>\n<\/div>\n<\/div>\n<\/div>\n<div class=\"clearBoth\">\u00a0<!-- ZONE CONTENT: START --><\/div>\n<div class=\"pda-article-body\">\n<div id=\"fb-root\" class=\" fb_reset\">\n<div>\n<div><b>G\u00f6ttingen<\/b>. \u201eDer Nahe Osten ist mehr als nur Krieg und Leiden.\u201c Diese Botschaft m\u00f6chte der syrische K\u00fcnstler Ammar Hatem in Deutschland verbreiten.<\/div>\n<\/div>\n<\/div>\n<div id=\"articlecontent\" class=\"pda-abody entry-content fb-quotable\">\n<p class=\"pda-abody-p\">Der 24-J\u00e4hrige studierte Kunst in Damaskus. Doch der B\u00fcrgerkrieg und die pausenlose Bedrohung durch den Islamischen Staat (IS) zwangen ihn zur Flucht aus seiner Heimat: mit dem Boot \u00fcber das Mittelmeer, zu Fu\u00df, mit dem Bus, dem Zug. \u201eIch habe dabei nichts empfunden. Es war, als w\u00fcrde ich einen Film gucken\u201c, erz\u00e4hlt Hatem. Im August kam er im Lager Friedland an.<\/p>\n<p class=\"pda-abody-p\">Annette Bauer, Verwaltungsfachangestellte bei der Gemeinde Adelebsen, nahm Hatem bei sich auf \u201eEs hat einfach von Anfang an sehr gut gepasst. Es kam alles wie von selbst\u201c, erz\u00e4hlt Bauer.<\/p>\n<p class=\"pda-abody-p\">Hatem wartet noch auf das Ende seines Asylverfahrens. \u201eIch m\u00f6chte weiter zur Universit\u00e4t gehen und meinen Master in Kunst machen\u201c, erz\u00e4hlt Hatem. Seine k\u00fcnstlerische Bandbreite ist weit. Er fertigt Zeichnungen an, \u00d6lmalereien und Aquarelle, aber auch politische Karikaturen \u201e\u00fcber alles eigentlich. Ich hatte ein Buch mit meinen gesammelten Karikaturen, aber das habe ich im Wasser verloren.\u201c<\/p>\n<p class=\"pda-abody-p\">Zusammen mit der Hochschulgruppe &#8222;ConnAction&#8220; hat Hatem Weihnachtskarten entworfen, die verkauft wurden. Das Design der Karten ist beeinflusst vom \u201egoldenen Zeitalter der arabischen Welt\u201c, von Algebra, Astrologie und arabischer Mythologie. \u201eIch m\u00f6chte den Menschen die antike arabische Welt zeigen, nicht nur das Leiden, das die Leute in den Nachrichten sehen.\u201c<\/p>\n<p class=\"pda-abody-p\">Die Menschen seien immer \u00fcberrascht, sagt Hatem, wenn er ihnen erz\u00e4hlt, dass man auch in Syrien Weihnachten feiert. \u201eAlle tun das, auch Moslems. Die Leute in Damaskus dekorieren ihre H\u00e4user genau wie hier in Deutschland. Jetzt ist es aber nicht mehr erlaubt wegen der st\u00e4ndigen Engp\u00e4sse bei der Stromversorgung.\u201c Die meisten Menschen in Europa \u201ewissen eigentlich gar nichts \u00fcber den Nahen Osten\u201c, meint Bauer.<\/p>\n<p class=\"pda-abody-p\"><i class=\"pda-abody-i\">Von Flora Hallmann<\/i><\/p>\n<\/div>\n<\/div>\n<\/div>\n<\/div>\n<div class=\"pda-article-body\">\n<div id=\"articlecontent\" class=\"pda-abody entry-content fb-quotable\">\n<hr \/>\n<p>Links:<\/p>\n<p>Ammar Hatem: <a href=\"https:\/\/www.facebook.com\/public\/Ammar-Hatem\">https:\/\/www.facebook.com\/public\/Ammar-Hatem<\/a><\/p>\n<p>Nagham Hamoush: <a href=\"https:\/\/de-de.facebook.com\/nagham.arts\/\">https:\/\/de-de.facebook.com\/nagham.arts\/<\/a><\/p>\n<\/div>\n<\/div>\n","protected":false},"excerpt":{"rendered":"<p>Ungew\u00f6hnliche Kunst zum Jahresbeginn in G\u00f6ttingen HNA: 04.01.18 12:32 In der Galerie Art Supplement stellen Absolventen der Universit\u00e4t Damaskus zwischen dem 7. Januar und 8. Februar aus.\u00a0 &#8230; Ein ganz anderes kulturelles Erlebnis bildet die Gruppenausstellung \u201eTreffpunkt\u201c. Nader Hamzi, Nagham Hammoush, Obaidah Zorik, Wail Sukkari und Ammar Hatem haben alle gemeinsam in Damaskus studiert und &hellip; <\/p>\n<p class=\"link-more\"><a href=\"http:\/\/blog.art-supplement.de\/?page_id=570\" class=\"more-link\"><span class=\"screen-reader-text\">\u201eAmmar Hatem und Nagham Hammoush\u201c <\/span>weiterlesen<\/a><\/p>\n","protected":false},"author":1,"featured_media":0,"parent":584,"menu_order":0,"comment_status":"closed","ping_status":"closed","template":"","meta":{"footnotes":""},"class_list":["post-570","page","type-page","status-publish","hentry","entry"],"aioseo_notices":[],"_links":{"self":[{"href":"http:\/\/blog.art-supplement.de\/index.php?rest_route=\/wp\/v2\/pages\/570","targetHints":{"allow":["GET"]}}],"collection":[{"href":"http:\/\/blog.art-supplement.de\/index.php?rest_route=\/wp\/v2\/pages"}],"about":[{"href":"http:\/\/blog.art-supplement.de\/index.php?rest_route=\/wp\/v2\/types\/page"}],"author":[{"embeddable":true,"href":"http:\/\/blog.art-supplement.de\/index.php?rest_route=\/wp\/v2\/users\/1"}],"replies":[{"embeddable":true,"href":"http:\/\/blog.art-supplement.de\/index.php?rest_route=%2Fwp%2Fv2%2Fcomments&post=570"}],"version-history":[{"count":6,"href":"http:\/\/blog.art-supplement.de\/index.php?rest_route=\/wp\/v2\/pages\/570\/revisions"}],"predecessor-version":[{"id":577,"href":"http:\/\/blog.art-supplement.de\/index.php?rest_route=\/wp\/v2\/pages\/570\/revisions\/577"}],"up":[{"embeddable":true,"href":"http:\/\/blog.art-supplement.de\/index.php?rest_route=\/wp\/v2\/pages\/584"}],"wp:attachment":[{"href":"http:\/\/blog.art-supplement.de\/index.php?rest_route=%2Fwp%2Fv2%2Fmedia&parent=570"}],"curies":[{"name":"wp","href":"https:\/\/api.w.org\/{rel}","templated":true}]}}