{"id":580,"date":"2018-01-05T21:33:50","date_gmt":"2018-01-05T19:33:50","guid":{"rendered":"http:\/\/blog.art-supplement.de\/?page_id=580"},"modified":"2018-01-06T15:36:14","modified_gmt":"2018-01-06T13:36:14","slug":"obaidah-zorik","status":"publish","type":"page","link":"http:\/\/blog.art-supplement.de\/?page_id=580","title":{"rendered":"Obaidah Zorik"},"content":{"rendered":"<h3><strong>Obaidah Zorik<\/strong><\/h3>\n<p><a href=\"https:\/\/en.syriaartasso.com\/artists\/obaidah-zorik\/\"><strong>Syrian artist<\/strong><\/a><\/p>\n<p><em>Born in Maysaf, Syria in 1990<br \/>\nLives in Bremen, Germany<\/em><\/p>\n<p>Obaidah Zorik is a young emerging artist on the contemporary Syrian art scene. He studied pictorial techniques at the Faculty of Fine Arts in Damascus, Syria, obtaining his degree in 2012. Towards the end of 2015, he moved to Bremen, Germany, to pursue further studies in plastic arts.\u00a0As an independent artist, he has participated in a few collective exhibitions, namely in Beirut, Lebanon, where he was congratulated on his artistic work.<\/p>\n<p><img loading=\"lazy\" decoding=\"async\" class=\"alignright wp-image-1392 size-medium\" src=\"https:\/\/ensyriaartasso.files.wordpress.com\/2016\/08\/p4011606-kopie.jpg?w=300&amp;h=225\" sizes=\"auto, (max-width: 300px) 100vw, 300px\" srcset=\"https:\/\/ensyriaartasso.files.wordpress.com\/2016\/08\/p4011606-kopie.jpg?w=300&amp;h=225 300w, https:\/\/ensyriaartasso.files.wordpress.com\/2016\/08\/p4011606-kopie.jpg?w=600&amp;h=450 600w, https:\/\/ensyriaartasso.files.wordpress.com\/2016\/08\/p4011606-kopie.jpg?w=150&amp;h=113 150w\" width=\"300\" height=\"225\" data-large-file=\"https:\/\/ensyriaartasso.files.wordpress.com\/2016\/08\/p4011606-kopie.jpg?w=1024\" data-medium-file=\"https:\/\/ensyriaartasso.files.wordpress.com\/2016\/08\/p4011606-kopie.jpg?w=300&amp;h=225\" data-image-description=\"\" data-image-title=\"P4011606 \u2013 Kopie\" data-image-meta=\"{&quot;aperture&quot;:&quot;5.6&quot;,&quot;credit&quot;:&quot;&quot;,&quot;camera&quot;:&quot;E-M5&quot;,&quot;caption&quot;:&quot;&quot;,&quot;created_timestamp&quot;:&quot;1459518477&quot;,&quot;copyright&quot;:&quot;&quot;,&quot;focal_length&quot;:&quot;18&quot;,&quot;iso&quot;:&quot;200&quot;,&quot;shutter_speed&quot;:&quot;0.0015625&quot;,&quot;title&quot;:&quot;&quot;,&quot;orientation&quot;:&quot;1&quot;}\" data-comments-opened=\"1\" data-orig-size=\"4608,3456\" data-orig-file=\"https:\/\/ensyriaartasso.files.wordpress.com\/2016\/08\/p4011606-kopie.jpg\" data-permalink=\"https:\/\/en.syriaartasso.com\/artists\/obaidah-zorik\/p4011606-kopie\/\" data-attachment-id=\"1392\" \/>He draws his inspiration for his creations from deep within himself, from childhood memories, from experiences, and uses his creative energy to bring life and expression to abstract expressionism. Immerged in an introspective universe, the artist rewrites the definition of feeling and emotion, and invents his own language accentuated by dynamic lines, colours, rhythm and movement. The colours are intense and free, the lines bold and defiant.<\/p>\n<p>Expertly mastering the fusion of colours and volumes, his brush enlivens these forms and lines which, without any real limit, create abstract and figurative expressionist subjects, and allow surrealist forms, indeed even the contours of his own face or silhouette, to show through. His subversive universe, bearing the hallmarks of Kafkaesque singularity, is expressed in his work by returning to the original, the intimate, where the combination of light and shadow, brightness and darkness, immerses us in the complexities of the subconscious and mysticism, revealing secrets both tangible and intangible on the canvas.<\/p>\n<hr \/>\n<div class=\"article_subheadline\">Der aus Syrien stammende K\u00fcnstler Obaidah Zorik stellt seine Kunstwerke in der Wallerie aus<\/div>\n<div class=\"article_service\"><\/div>\n<div class=\"clear\"><\/div>\n<h3 class=\"article_headline\">\u201eMeine Bilder erz\u00e4hlen Gef\u00fchle\u201c<\/h3>\n<div class=\"authors\"><span class=\"authors-name\"><a href=\"https:\/\/www.weser-kurier.de\/bremen\/stadtteile\/stadtteile-bremen-west_artikel,-meine-bilder-erzaehlen-gefuehle-_arid,1644715.html\">Weser-Kurier<\/a> &#8211; Matthias Holthaus<\/span> <span class=\"authors-date\">07.09.2017<\/span><\/div>\n<p class=\"article_teaser\">Walle. \u201eWenn Kafka malen w\u00fcrde, w\u00e4ren seine Bilder ein wenig wie seine\u201c, sagt Delia Nordhaus von der \u201eWallerie\u201c, der Galerie im Walle-Center, und meint damit die Arbeiten des syrischen K\u00fcnstlers Obaidah Zorik. Dessen Werke sind ab diesen Donnerstag, 7. September, in der Wallerie zu sehen.<\/p>\n<div class=\"social-icons\">\n<div class=\"shariff\" data-services=\"[&quot;facebook&quot;,&quot;twitter&quot;,&quot;googleplus&quot;,&quot;whatsapp&quot;]\" data-orientation=\"horizontal\" data-theme=\"grey\" data-backend-url=\"\/pu_all\/shariff_backend\/\"><\/div>\n<\/div>\n<div class=\"clear\"><a class=\"fancybox\" title=\"Roland Scheitz\" href=\"https:\/\/www.weser-kurier.de\/cms_media\/module_img\/4772\/2386165_1_articlefancybox_59b06f790ba19.jpg\" rel=\"group\"><i class=\"fa fa-search-plus\"><\/i><img decoding=\"async\" title=\"WES Walle-Center Galerie Wallerie Ausstellung Tiefe der Seele\" src=\"https:\/\/www.weser-kurier.de\/cms_media\/module_img\/4772\/2386165_1_sebo_59b06f790ba19.jpg\" alt=\"WES Walle-Center Galerie Wallerie Ausstellung Tiefe der Seele\" \/><\/a><\/div>\n<div class=\"article detail\">\n<div class=\"article_body\">\n<div class=\"article_img_small position_left\">\n<div class=\"subtitel\">Der aus Syrien stammende K\u00fcnstler Obaidah Zorik zeigt seine Kunstwerke\u00a0 in der Wallerie. <span class=\"copyright\">(Roland Scheitz)<\/span><\/div>\n<\/div>\n<div id=\"onlineText\">\n<p>\u201eSeine Malerei erschlie\u00dft sich dem Betrachter nicht auf dem ersten Blick\u201c, sagt der Pressetext \u00fcber das Werk Zoriks, und diese Umschreibung kommt nicht von ungef\u00e4hr: Ist zuerst eine bunte Fl\u00e4che mit Linien zu sehen, so l\u00e4sst sich bald ein Gesicht erkennen, ein K\u00f6rper, Formen. Tiere werden sichtbar, scheinbar k\u00e4mpfende Personen \u2013 mit anderen, mit sich selbst. Menschen, die verzweifelt erscheinen, aber auch vereint in Harmonie: \u201eJeder Betrachter sieht das, was er sehen will, jeder Betrachter sieht etwas anderes in meinen Bildern\u201c, beschreibt Obaidah Zorik das Wirken seiner Werke. \u201eMeine Bilder erz\u00e4hlen Gef\u00fchle. Was ich f\u00fchle, male ich.\u201c Doch weiter m\u00f6chte der K\u00fcnstler in der konkreten Bildbeschreibung eigentlich nicht gehen: \u201eEs ist zwar wichtig f\u00fcr die Menschen, was sie sehen, es ist aber nicht wichtig, was ich ihnen dar\u00fcber sage.\u201c<\/p>\n<p>Fr\u00fcher war der im syrischen Hama geborene 27-j\u00e4hrige K\u00fcnstler mehr im Expressionismus beheimatet, doch mehr und mehr zog es ihn in Richtung der abstrakten Malerei. \u201eMan kann die Person sehen in meinem Bild und das Abstrakte. Manchmal \u00fcberwiegt das Abstrakte, mal der Expressionismus, aber immer gibt es beides zusammen.\u201c Und was man auch immer in seinen Bildern findet, ist die Seele, sagt Zorik: \u201eMeine Seele und andere Seelen.\u201c<\/p>\n<h5 class=\"zwischenzeile\">Obaidah Zorik offenbart seine Seele<\/h5>\n<p>Seele und Gef\u00fchl offenbart Obaidah Zorik in seiner Kunst\u00a0\u2013 und das hat Delia Nordhaus schnell erkannt: \u201eDie Bilder haben so viel Kraft, so viel Intensit\u00e4t, wenn man einmal versteht, wie er Gef\u00fchle auf die Leinwand bringt. Je tiefer man sich reinguckt, desto klarer wird es und die Striche, die zun\u00e4chst unzusammenh\u00e4ngend erscheinen, ergeben dann einen Sinn.\u201c Die \u201eTiefe der Seele\u201c ist folgerichtig auch der Titel der Ausstellung, die bis zum 7. Oktober in der Wallerie zu sehen ist.<\/p>\n<p>Auch in Kanada h\u00e4ngen Delia Nordhaus zufolge Werke des syrischen K\u00fcnstlers, \u201edie sind aber wesentlich fig\u00fcrlicher.\u201c Doch mittlerweile habe Zorik den Drang, das Fig\u00fcrliche zu verlassen. \u201eEs wirkt alles wie zuf\u00e4llig, ist aber absolut stimmig.\u201c Die 16 in der Wallerie gezeigten gro\u00dfformatigen Werke sowie die mehr als drei\u00dfig kleineren, oftmals skizzenhaften Bilder, sogenannte \u201eSketches\u201c, sind allesamt innerhalb von nur zwei Monaten in Bremen entstanden. Seit eineinhalb Jahren wohnt der syrische K\u00fcnstler nun in Bremen, genauer gesagt in Oslebshausen, und seine Eindr\u00fccke, Vorlieben und Erfahrungen hat er in seinen Bildern verarbeitet. \u201eEr mag das Wasser und das Meer und er interessiert sich auch f\u00fcr Landschaften, die Natur und wie Menschen miteinander umgehen\u201c, sagt Delia Nordhaus.<\/p>\n<p>\u201eDer Strich von Obaidah Zorik zeugt ebenso von Spontaneit\u00e4t, als auch von Disziplin und K\u00f6nnen\u201c, ist dem Pressetext zu entnehmen und dem kann Nordhaus nur zustimmen: \u201eEr kann richtig viel und hat viele Auszeichnungen im Libanon erhalten. Dort und in Syrien wird er gefeiert und ich bin froh, ihn hier zu haben\u201c, sagt sie \u00fcber den Bachelor-Absolventen. \u201eEinerseits sind seine Werke kompakt, andererseits ist es das Freie darin, was zu Interpretationen einl\u00e4dt\u201c, beschreibt sie weiter.<\/p>\n<p>Der K\u00fcnstler, der bereits in Damaskus an der Universit\u00e4t gelehrt hat, ist kein Fl\u00fcchtling, sondern mit einem Visum nach Deutschland gekommen. Das sei ihm wichtig, betont Nordhaus, denn er habe keine Zukunft mehr f\u00fcr sich und seine Kunst in dem Land gesehen. Und er hat noch viel vor: \u201e Ich m\u00f6chte meinen Master machen, am liebsten in Hamburg oder Berlin\u201c, erz\u00e4hlt er, doch momentan lerne er noch die Sprache. Und er malt, mit Erfolg. Delia Nordhaus meint daher: \u201eIch w\u00fcnschte, ich h\u00e4tte eine gr\u00f6\u00dfere Galerie, weil jedes Bild von ihm so viel Raum braucht.\u201c<\/p>\n<\/div>\n<\/div>\n<\/div>\n<hr \/>\n<p>Obaidao Zorik: <a href=\"https:\/\/de-de.facebook.com\/Obaidah-Zorik-Artwork-629304320435724\/\">https:\/\/de-de.facebook.com\/Obaidah-Zorik-Artwork-629304320435724\/<\/a><\/p>\n","protected":false},"excerpt":{"rendered":"<p>Obaidah Zorik Syrian artist Born in Maysaf, Syria in 1990 Lives in Bremen, Germany Obaidah Zorik is a young emerging artist on the contemporary Syrian art scene. He studied pictorial techniques at the Faculty of Fine Arts in Damascus, Syria, obtaining his degree in 2012. Towards the end of 2015, he moved to Bremen, Germany, &hellip; <\/p>\n<p class=\"link-more\"><a href=\"http:\/\/blog.art-supplement.de\/?page_id=580\" class=\"more-link\"><span class=\"screen-reader-text\">\u201eObaidah Zorik\u201c <\/span>weiterlesen<\/a><\/p>\n","protected":false},"author":1,"featured_media":0,"parent":584,"menu_order":0,"comment_status":"closed","ping_status":"closed","template":"","meta":{"footnotes":""},"class_list":["post-580","page","type-page","status-publish","hentry","entry"],"aioseo_notices":[],"_links":{"self":[{"href":"http:\/\/blog.art-supplement.de\/index.php?rest_route=\/wp\/v2\/pages\/580","targetHints":{"allow":["GET"]}}],"collection":[{"href":"http:\/\/blog.art-supplement.de\/index.php?rest_route=\/wp\/v2\/pages"}],"about":[{"href":"http:\/\/blog.art-supplement.de\/index.php?rest_route=\/wp\/v2\/types\/page"}],"author":[{"embeddable":true,"href":"http:\/\/blog.art-supplement.de\/index.php?rest_route=\/wp\/v2\/users\/1"}],"replies":[{"embeddable":true,"href":"http:\/\/blog.art-supplement.de\/index.php?rest_route=%2Fwp%2Fv2%2Fcomments&post=580"}],"version-history":[{"count":2,"href":"http:\/\/blog.art-supplement.de\/index.php?rest_route=\/wp\/v2\/pages\/580\/revisions"}],"predecessor-version":[{"id":587,"href":"http:\/\/blog.art-supplement.de\/index.php?rest_route=\/wp\/v2\/pages\/580\/revisions\/587"}],"up":[{"embeddable":true,"href":"http:\/\/blog.art-supplement.de\/index.php?rest_route=\/wp\/v2\/pages\/584"}],"wp:attachment":[{"href":"http:\/\/blog.art-supplement.de\/index.php?rest_route=%2Fwp%2Fv2%2Fmedia&parent=580"}],"curies":[{"name":"wp","href":"https:\/\/api.w.org\/{rel}","templated":true}]}}