{"id":667,"date":"2018-07-23T19:49:44","date_gmt":"2018-07-23T17:49:44","guid":{"rendered":"http:\/\/blog.art-supplement.de\/?page_id=667"},"modified":"2018-07-23T20:43:43","modified_gmt":"2018-07-23T18:43:43","slug":"franz-cestnik","status":"publish","type":"page","link":"http:\/\/blog.art-supplement.de\/?page_id=667","title":{"rendered":"Franz Cestnik"},"content":{"rendered":"<h3><span class=\"pdb-article-teaser-breadcrumb-headline-title\">Ausstellung mit Werken von Franz Cestnik <\/span><\/h3>\n<div class=\"pdb-article-teaser-intro\">\n<div class=\"pdb-richtext-field\">\n<p><a href=\"http:\/\/www.goettinger-tageblatt.de\/Nachrichten\/Kultur\/Regional\/Galerie-Art-Supplement-in-Goettingen-Franz-Cestnik\">G\u00f6ttinger Tageblatt, 20.7.2018<\/a><\/p>\n<p>Radierungen und Holzschnitte des Einbecker K\u00fcnstlers Franz Cestnik (1921 &#8211; 2011) zeigt die Galerie Art Supplement, Burg\u00adstra\u00dfe 37a. Etwa 50 grafische Arbeiten Cestniks werden zu sehen sein, teilt Rainer Cestnik mit, der Sohn des K\u00fcnstlers. Die Ausstellung wird am Sonntag, 22. Juli, um 12 Uhr er\u00f6ffnet.<\/p>\n<p><!-- Methode uuid: \"aa42d788-8b6a-11e8-bf22-d99c769fee46\"--><\/p>\n<\/div>\n<\/div>\n<div class=\"pdb-image pdb-article-image\">\n<div class=\"pdb-article-image-picture\" data-imagesasyncloader=\"wrapper\"><img decoding=\"async\" title=\"Kunst von Franz Cestnik.\" src=\"http:\/\/www.goettinger-tageblatt.de\/var\/storage\/images\/gt-et\/nachrichten\/kultur\/regional\/galerie-art-supplement-in-goettingen-franz-cestnik\/694886835-1-ger-DE\/Ausstellung-mit-Werken-von-Franz-Cestnik_big_teaser_article.jpg\" alt=\"Kunst von Franz Cestnik.\" width=\"100%\" height=\"100%\" data-copyright=\"r\" \/><\/div>\n<div class=\"pdb-article-image-icon pdb-image-icon \">\n<div class=\"pdb-article-image-icon-video pdb-image-icon-video\"><\/div>\n<\/div>\n<\/div>\n<div class=\"pdb-article-caption\">Kunst von Franz Cestnik.<\/div>\n<div class=\"pdb-article-body\">\n<div class=\"pdb-digital-placard pdb-digital-placard-article\">\n<div class=\"pdb-digital-placard col-4\">\n<div class=\"pdb-digital-placard-container\">\n<div class=\"pdb-digital-placard-container-wrapper\">\n<div id=\"oms_gpt_rectangle_300x250\" class=\"pdb-digital-placard-container-wrapper-inner\" data-google-query-id=\"COSrpJDZtdwCFVMW0wod6YQCGg\" data-js-ad-type=\"300x25\">\n<div id=\"google_ads_iframe_\/5766\/oms.goettinger-tageblatt.de\/entertainment_3__container__\">Zur Einf\u00fchrung spricht Rainer Cestnik. F\u00fcr die musikalische Begleitung sind Philipp Sobecki und Britta Berhard zust\u00e4ndig. Anschlie\u00dfend ist die Schau bis Freitag, 17. August, montags bis freitags von 15 bis 18 Uhr, sonntags von 11 bis 13 Uhr zu sehen. 2011 waren Arbeiten von Cestnik im Studio Wasserscheune in Erbsen zu erleben.<\/div>\n<\/div>\n<\/div>\n<\/div>\n<\/div>\n<\/div>\n<div class=\"pdb-richtext-field\">\n<div id=\"oms_intext_container\"><\/div>\n<p><em>Von Peter Kr\u00fcger_Lenz<\/em><\/p>\n<hr \/>\n<h3><span class=\"pdb-article-teaser-breadcrumb-headline-title\">Grafische Arbeiten von Franz Cestnik<\/span><\/h3>\n<div class=\"pdb-article-teaser-intro\">\n<div class=\"pdb-richtext-field\">\n<p><a href=\"http:\/\/www.goettinger-tageblatt.de\/Nachrichten\/Kultur\/Regional\/Ausstellung-mit-Arbeiten-von-Franz-Cestnik-in-der-Goettinger-Galerie-Art-Supplement\">G\u00f6ttinger Tageblatt, 23.7.2018<\/a><\/p>\n<p>Radierungen und Holzschnitte des Einbecker K\u00fcnstlers Franz Cestnik (1921 &#8211; 2011) zeigt die G\u00f6ttinger Galerie Art Supplement. Der Sohn des K\u00fcnstler, Rainer Cestnik, hat f\u00fcr die Schau etwa 50 grafische Arbeiten aus verschiedenen Schaffensperioden zusammengestellt.<\/p>\n<p><!-- Methode uuid: \"392816c8-8db1-11e8-bf22-d99c769fee46\"--><\/p>\n<\/div>\n<\/div>\n<div class=\"pdb-image pdb-article-image\">\n<div class=\"pdb-article-image-picture\" data-imagesasyncloader=\"wrapper\"><img decoding=\"async\" title=\"\u201cFrau mit M\u00fctze\u201c von Franz Cestnik: Holzschnitt aus dem Jahr 1998.\" src=\"http:\/\/www.goettinger-tageblatt.de\/var\/storage\/images\/gt-et\/nachrichten\/kultur\/regional\/ausstellung-mit-arbeiten-von-franz-cestnik-in-der-goettinger-galerie-art-supplement\/695047619-2-ger-DE\/Grafische-Arbeiten-von-Franz-Cestnik_big_teaser_article.jpg\" alt=\"\u201cFrau mit M\u00fctze\u201c von Franz Cestnik: Holzschnitt aus dem Jahr 1998.\" width=\"100%\" height=\"100%\" data-copyright=\"B\u00f6hm\" \/><\/div>\n<div class=\"pdb-article-image-icon pdb-image-icon \">\n<div class=\"pdb-article-image-icon-video pdb-image-icon-video\"><\/div>\n<\/div>\n<\/div>\n<div class=\"pdb-article-caption\">\u201cFrau mit M\u00fctze\u201c von Franz Cestnik: Holzschnitt aus dem Jahr 1998. <span class=\"pdb-article-caption-copyright\" data-js-ajax-copyright=\"\">Quelle:\u00a0B\u00f6hm<\/span><\/div>\n<div class=\"pdb-article-body\">\n<div class=\"pdb-richtext-field\">\n<p>Ein ruhiger, ein bisschen ersch\u00f6pfter Blick aus halbgeschlossenen Augen, ein Arm entspannt auf dem Bootsrand, der andere h\u00e4ngt herab, zwischen den Fingern locker eine Zigarette, zwischen den Beinen ein Eimer voller Fische. Schlicht \u201eFischer\u201c hei\u00dft diese Radierung von Cestnik. Andere hei\u00dfen \u201eT\u00e4nzerinnen\u201c, \u201ePaar auf Sofa\u201c oder \u201eFrau mit M\u00fctze\u201c: eines der zentralen Motive in Cestniks Schaffen ist der Mensch. \u201eDer Mensch ist es, der mich gefangen h\u00e4lt\u201c, hat Cestnik einmal \u00fcber seine k\u00fcnstlerische Motivation gesagt.<\/p>\n<p>Gro\u00dfe M\u00fcnder, H\u00e4nde, Augen \u2013 Mimik und Gestik sind unmittelbar pr\u00e4sent, mit wenigen Linien eindrucksvoll eingefangen.<\/p>\n<p>Aber auch Stillleben, Holzschnitte von V\u00f6geln und Szenen aus Landschaften, die Cestnik besucht hat, sind Motive des K\u00fcnstlers. Alles Nebens\u00e4chliche ist auch hier weggelassen. Strich und Linie begeistern mit Einfachheit und Leichtigkeit und sprechen den Betrachter unmittelbar an.<\/p>\n<h2>K\u00fcnstlerischer Aufstieg<\/h2>\n<p>Cestnik wurde 1921 in Einbeck geboren. Als gelernter Musterzeichner entwickelte er einen individuellen Zugang zur Kunst. Nach dem Krieg verdiente er zun\u00e4chst mit dem Malen von Stadtmotiven den Lebensunterhalt f\u00fcr seine Familie. Sp\u00e4ter begann der Autodidakt mit Portr\u00e4ts und Naturstudien.<\/p>\n<p>Ab 1952 begann der k\u00fcnstlerische Aufstieg Cestniks. Er konnte zum ersten Mal an einer Ausstellung des Kunstvereins Hannover teilnehmen. 1954 folgt die erste Einzelausstellung in Hildesheim, zwei Jahre sp\u00e4ter in der Bremer Kunsthalle, wo er sp\u00e4ter noch mehrmals zu Gast war.<\/p>\n<h3>\u201eAbseits der gro\u00dfen Tour\u201c<\/h3>\n<p>Zahlreiche Ausstellungen finden sich in seiner Biografie und renommierte Kollegen wie Karl Schmitt-Rottluff kauften Cestnik-Werke f\u00fcr \u00f6ffentliche oder auch f\u00fcr ihre eigenen Sammlungen.<\/p>\n<p>\u201eAbseits der gro\u00dfen Tour\u201c bewege sich der Einbecker in seinem Schaffen, schrieb ihm 1963 das \u201eBr\u00fccke\u201c-Mitglied Schmitt-Rottluff bewundernd.<\/p>\n<p>Neben grafischen Arbeiten malte Cestnik auch viel mit \u00d6l. Voller pr\u00e4chtiger, warmer Farben sind diese Gem\u00e4lde.<\/p>\n<div>\n<div class=\"pdb-embedimage \">\n<div class=\"pdb-image pdb-embedimage-image\">\n<div class=\"pdb-embedimage-image-picture\" data-imagesasyncloader=\"wrapper\"><img decoding=\"async\" title=\"Rainer Cestnik bei der Ausstellungser\u00f6ffnung am Sonntag\" src=\"http:\/\/www.goettinger-tageblatt.de\/var\/storage\/images\/gt-et\/mehr\/bilder\/2018\/7\/rainer-cestnik-bei-der-ausstellungseroeffnung-am-sonntag\/695047550-2-ger-DE\/Rainer-Cestnik-bei-der-Ausstellungseroeffnung-am-Sonntag_w760.jpg\" alt=\"Rainer Cestnik bei der Ausstellungser\u00f6ffnung am Sonntag\" width=\"100%\" height=\"100%\" data-copyright=\"B\u00f6hm\" \/><\/div>\n<\/div>\n<div class=\"pdb-embedimage-caption\">Rainer Cestnik bei der Ausstellungser\u00f6ffnung am Sonntag. <span class=\"pdb-embedimage-caption-copyright\" data-js-ajax-copyright=\"\">Quelle:\u00a0B\u00f6hm<\/span><\/div>\n<\/div>\n<\/div>\n<p>Er sei froh, dass es mit der Ausstellung in der Galerie Supplement mal wieder Gelegenheit gebe, die Werke seines Vaters \u00f6ffentlich zu zeigen, sagte Rainer Cestnik, der die Ausstellung er\u00f6ffnete. Rainer Cestnik ordnet und archiviert die Arbeiten seines Vaters. Auf der Internetseite <a href=\"https:\/\/www.franz-cestnik.de\/\">franz-cestnik.de<\/a> sind Bilder aller Arbeiten seines Vaters aufgef\u00fchrt.<\/p>\n<p>192 Skizzenbl\u00f6cke seines Vaters lagern noch in seinen Kellern, auch die m\u00f6chte Rainer Cestnik noch auswerten und einsehbar machen, um die Arbeitsweise seines Vaters aufzuzeigen.<\/p>\n<p>Die Ausstellung in der Galerie Art Supplement, Burg\u00adstra\u00dfe 37a, ist bis Freitag, 17. August, montags bis freitags von 15 bis 18 Uhr, sonntags von 11 bis 13 Uhr zu sehen.<\/p>\n<p><em>Von Christiane B\u00f6hm<\/em><\/p>\n<hr \/>\n<h1>Weihnachtsthema in der Cestnik-Galerie<\/h1>\n<p><a href=\"https:\/\/www.einbecker-morgenpost.de\/einbeck\/nachricht\/cestnik-galerie-mutter-kind.html\">Einbecker Morgenpost 30.11.2016<\/a><\/p>\n<h2>Mutter mit Kind:\u2008Unterschiedliche Variationen des Motivs sind ab dem 3. Dezember zu sehen<\/h2>\n<div class=\"syndication clearfix\">\n<div id=\"readspeaker_button\" class=\"rs_skip rsbtn_sampleskin rs_preserve\"><img loading=\"lazy\" decoding=\"async\" src=\"https:\/\/files.mopo-server.de\/assets\/images\/c\/mi_cestnik_30112016-7f95f96c.jpg\" alt=\"\" width=\"650\" height=\"400\" \/><\/div>\n<\/div>\n<figure class=\"image_container rs_skip float_above\"><figcaption class=\"caption\">\u00bbMutter mit Kind\u00ab geh\u00f6rt zu den Werken, die in der Cestnik-Galerie, Tiedexer Stra\u00dfe 15, ab dem 3. Dezember neu ausgestellt werden.<\/figcaption><\/figure>\n<div class=\"ce_text block\">\n<p><span class=\"city\">Einbeck.<\/span>\u00a0Menschen nehmen im Werk des Einbecker Malers und Grafiker Franz Cestnik einen zentralen Platz ein. Er war aber kein Portr\u00e4tmaler, schon gar keiner, der Auftr\u00e4ge f\u00fcr offizielle Bilder wichtiger Zeitgenossen angenommen h\u00e4tte. Ihm ging es darum, Alltagsmenschen in ihrem normalen Leben einzufangen und dabei das Typische der dargestellten Situation herauszuarbeiten: Gl\u00fcck, Liebe, Trauer oder was auch immer.<\/p>\n<p>Es ist also kein Zufall, dass wir in allen Perioden seines Schaffens Szenen zu sehen bekommen, die M\u00fctter mit ihren Kindern zeigen. Die fr\u00fcheste der ab dem kommenden Sonnabend, 3. Dezember, in der Cestnik-Galerie in der Tiedexer Stra\u00dfe ausgestellten Arbeiten, eine Radierung, stammt aus dem Jahr 1956. Das j\u00fcngste Exponat, der Farbholzschnitt mit dem Titel \u00bbFamilienausflug\u00ab, entstand mehr als 40 Jahre sp\u00e4ter 1998.<\/p>\n<p>Die Dyade Mutter-Kind ist ein klassisches Motiv der bildenden Kunst &#8211; man denke nur, die Jahreszeit legt es nahe, an die unz\u00e4hligen Bilder von Maria mit dem Jesuskind. Die Mutter-Kind-Motive Franz Cestniks stehen aber nicht in dieser Traditionslinie. Er zeigt keine idealisierten Ikonen der M\u00fctterlichkeit, sondern die junge Mutter von nebenan. Aber auch bei ihm geht es darum, die liebevolle und sorgende Bindung zwischen ihr und ihrem Kind zu bebildern.<\/p>\n<p>F\u00fcnf Grafiken widmen sich dem Thema des Beh\u00fctens. Die Frau schlie\u00dft ihr Kind sch\u00fctzend in ihre Arme, gibt ihm Halt und Sicherheit. Die \u00e4lteste Radierung dieses Typs ist exemplarisch f\u00fcr das fr\u00fch perfektionierte zeichnerische Talent des K\u00fcnstlers. Mit wenigen, klaren Strichen gelingt es ihm, das Wesentliche der Beziehung zwischen Mutter und Kind festzuhalten.<\/p>\n<p>Auch sechs Jahrzehnte nach dem Entstehen vermittelt sich dem Betrachter die klassisch-zeitlose Perfektion dieses Blattes. Einem Thema treu zu bleiben, hei\u00dft bei Franz Cestnik nie, dass er es nach einem einmal gefundenen Schema wiederholt. Zwei Radierungen (\u00bb\u00c4ngstliches Kind\u00ab, 1960, und \u00bbMutter mit Kind\u00ab, 1966) variieren das Motiv in einer eher erz\u00e4hlerischen Perspektive. Mutter und Kind werden in eine Umgebung eingebettet, das Zuhause bietet ihnen einen sch\u00fctzenden Rahmen.<\/p>\n<p>Die farbige \u00c4tzradierung aus dem Jahr 1977 nimmt unter den ausgestellten Werken eine Sonderstellung ein. Die Komposition erh\u00e4lt n\u00e4mlich durch ihre radikale Symmetrie und durch die eigenwillige Gestaltung vieler Details eine formalistische, fast surrealistische Note. Was bedeutet das helle Dreieck \u00fcber dem Mittelscheitel der Frau? Wieso ist ihre Frisur in perfekten Kreisen um ihren Kopf arrangiert?<\/p>\n<p>Wof\u00fcr steht das Ornament mit den beiden runden L\u00f6chern, das Mutter und Kind vom Horizont des Bildhintergrunds abgrenzt? Diese Grafik setzt sich nicht nur mit der Mutter-Kind-Thematik auseinander, sondern ist zugleich eine Arbeit, in der sich der K\u00fcnstler mit formalen Problemen der Bildgestaltung besch\u00e4ftigt und sich dabei weit von reiner Gegenst\u00e4ndlichkeit entfernt. Im R\u00fcckschluss auf die anderen Werke der Ausstellung l\u00e4sst sich folgern, dass auch die komplett gegenst\u00e4ndlichen Motive streng komponiert sind, dass es bei Franz Cestnik keine zuf\u00e4lligen Arrangements gibt.<\/p>\n<p>Der Holzschnitt von 1984, auf dem das Kind seinen Arm kess nach oben reckt, was ein wenig an politische Kampfgesten erinnert (\u00bbWir werden siegen!\u00ab), f\u00e4llt besonders durch die kr\u00e4ftigen Arme und H\u00e4nde der Mutter auf. Diese Frau kann mit Sicherheit nicht nur ihr Kind sch\u00fctzen, sondern, wenn erforderlich, im Leben kr\u00e4ftig zupacken. Sie ist, wie alle weiblichen Gestalten bei Franz Cestnik, eine starke Frau, die ihre Zuversicht auch ihrem Kind vermittelt.<\/p>\n<p>Den aus Vertrauen erwachsenden Mut erkennt man deutlich beim \u00d6lbild aus dem Jahr 1968, wo Mama ihren Sch\u00fctzling spielerisch auf die Schulter nimmt, was den Kleinen dazu bringt, wie ein gro\u00dfer Triumphator die Welt zu gr\u00fc\u00dfen. Wir sollten den Ausstellungsmachern dankbar sein daf\u00fcr, dass sie f\u00fcr ihren Mutter-Kind-Zyklus auch eine Radierung und einen Holzschnitt ausgew\u00e4hlt haben, wo sich zu den beiden Hauptdarstellern ein Mann gesellt.<\/p>\n<p>In der Radierung von 1960 blickt der junge Vater durch ein Fenster auf Mutter und Kind in der Wohnstube und hebt seine rechte Hand zum Gru\u00df. Die liebevoll-beh\u00fctende Gesamtstimmung der Grafik ist f\u00fcr jeden Betrachter eindeutig sp\u00fcrbar. Der sp\u00e4te Holzschnitt mit dem Titel Familienausflug gesteht dem Vater eine tragende Rolle zu.Anders als in dem \u00d6lbild ist es hier der Mann, der den Nachwuchs huckepack genommen hat, vermutlich, weil der Kleine keine Lust mehr hatte, zu Fu\u00df zu gehen. Wer kennt nicht diese Szene, die als Foto wohl jedes Familienalbum schm\u00fcckt. So entz\u00fcckend wie Franz Cestnik die junge, stolze, sonnt\u00e4glich gekleidete Familie ins Bild setzt, verdient sie es allerdings nicht, zwischen den Deckeln eines Albums zu verschwinden.<\/p>\n<p><span class=\"editor rs_skip\">oh<\/span><\/p>\n<hr \/>\n<h1>Von Franz Cestnik:\u2008Ein fr\u00fches Sinnbild des Krieges<\/h1>\n<p><a href=\"https:\/\/www.einbecker-morgenpost.de\/einbeck\/nachricht\/franz-cestnik-sinnbild-krieg.html\">Einbecker Morgenpost 17.05.2017<\/a><\/p>\n<div class=\"clearfix\"><\/div>\n<figure class=\"image_container rs_skip float_above\">\n<div class=\"image_container_inner\"><img loading=\"lazy\" decoding=\"async\" src=\"https:\/\/files.mopo-server.de\/assets\/images\/8\/fr_cestnik_19052017-275f2c38.jpg\" alt=\"\" width=\"650\" height=\"400\" \/><\/div>\n<\/figure>\n<div class=\"ce_text block\">\n<p><span class=\"city\">Einbeck.<\/span>\u00a0Vor gut 45 Jahren war in der Einbecker Morgenpost dieses Foto zu sehen. Anl\u00e4sslich einer Einzelausstellung von Werken Franz Cestniks in den Wandelg\u00e4ngen des Theaters am Hubeweg hatte die \u00bbEM\u00ab den K\u00fcnstler in seinem Atelier interviewt und berichtete dar\u00fcber in der Ausgabe vom 25.\/26. M\u00e4rz 1972.<\/p>\n<p>Das Foto zeigt Franz Cestnik. Auf der Staffelei neben ihm steht ein gro\u00dfes \u00d6lbild mit dem Titel \u00bbBedrohung\/Der Krieg\u00ab Er hatte damals erl\u00e4utert, dass er grunds\u00e4tzlich das malt, was ihn besch\u00e4ftigt, unabh\u00e4ngig davon, ob er damit das Publikum verst\u00f6rt oder Beifall erwarten kann.<\/p>\n<p>Er erkl\u00e4rte auch, dass ihn das grausame Geschehen im B\u00fcrgerkrieg in Biafra, der von 1967 bis 1970 in diesem Teil Afrikas tobte, angeregt habe, seine Anklage gegen die Grausamkeit des Krieges in die Form einer Allegorie zu fassen. Die schockierende Botschaft hatte also einen konkreten Anlass.<\/p>\n<p>Aktuell werden im Rahmen der Ausstellung Franz Cestniks fantastische Bilder in der Cestnik-Galerie eine Radierung und ein Holzschnitt gezeigt, die dem Motiv des Bildes vom Krieg sehr \u00e4hnlich sind. Der Verbleib des \u00d6lbilds ist derzeit nicht bekannt.<\/p>\n<p><span class=\"editor rs_skip\">oh<\/span><\/p>\n<hr \/>\n<h1>Von der Skizze bis zum Bild<\/h1>\n<h2>Cestnik-Ausstellung befasst sich mit arbeitsintensivem Entstehungsprozess<\/h2>\n<div class=\"syndication clearfix\">\n<div id=\"readspeaker_button\" class=\"rs_skip rsbtn_sampleskin rs_preserve\"><a href=\"https:\/\/www.einbecker-morgenpost.de\/einbeck\/nachricht\/von-der-skizze-bis-zum-bild.html\">Einbecker Morgenpost 07.03.2018<\/a><\/div>\n<\/div>\n<div class=\"clearfix\"><\/div>\n<figure class=\"image_container rs_skip float_above\">\n<div class=\"image_container_inner\"><img loading=\"lazy\" decoding=\"async\" src=\"https:\/\/files.mopo-server.de\/assets\/images\/3\/do_cestnik-1268d943.jpg\" alt=\"\" width=\"650\" height=\"400\" \/><\/div><figcaption class=\"caption\">\u00bbVon der Skizze bis zum fertigen Produkt\u00ab, wie dieser Prozess bei Franz Cestnik ablief, das erkl\u00e4rte Rainer Cestnik bei der Ausstellungser\u00f6ffnung.<\/figcaption><\/figure>\n<div class=\"ce_text block\">\n<p><span class=\"city\">Enbeck.<\/span>\u00a0Ein langer Weg sei es bis zum fertigen Werk, erkl\u00e4rte Rainer Cestnik. Unter dem Motto \u00bbVon der Skizze bis zum fertigen Produkt\u00ab werden in der Cestnik-Galerie in der Tiedexer Stra\u00dfe die Entstehungsprozesse der Radierung \u00bbFrauenkopf\u00ab (1992), des \u00d6lbilds \u00bbStillleben mit Palette\u00ab (1990) und des Holzschnitts \u00bbFrau mit Vogel\u00ab (1983) gezeigt.<\/p>\n<p>Bei der Ausstellungser\u00f6ffnung dankte Rainer Cestnik Hauseigent\u00fcmerin und Sammlerin Marga They f\u00fcr die M\u00f6glichkeit, immer wieder Werke von Franz Cestnik ausstellen zu k\u00f6nnen. Nach der Darstellung der Entstehungsprozesse folgen im Mai Liebesp\u00e4rchen, ab dem 3. August, dem Geburtstag von Franz Cestnik, will man Teile des Ateliers ausstellen.<\/p>\n<p>Schon lange Zeit sei sie mit den Bildern von Cestnik verbunden, sagte They. Er war ein besonderer K\u00fcnstler mit gro\u00dfer Schaffensgabe. Nach der ersten \u00bbdocumenta\u00ab in Kassel schien die fig\u00fcrliche Malerei aus dem Bewusstsein zu verschwinden, erkl\u00e4rte sie. Als Bewunderin und K\u00e4uferin seiner Werke habe sie viele Jahre in Einbeck nach R\u00e4umlichkeiten gesucht, die besonderen Bildnisse w\u00fcrdig zu pr\u00e4sentieren. Seit 2016 geschieht dies in der Cestnik-Galerie mit wechselnden Ausstellungen. Sie lud zum Besuch ein und dazu, sich an den au\u00dfergew\u00f6hnlichen Werken des K\u00fcnstlers zu erfreuen.<\/p>\n<p>F\u00fcr Interessenten bietet Rainer Cestnik, der Sohn des K\u00fcnstlers, die M\u00f6glichkeit, sich mit ihm, Telefon 05561\/1389, zu verabreden, um die technischen Aspekte der Anfertigung von Radierungen, Holzschnitten und \u00d6lbildern in der Galerie zu erl\u00e4utern. Der Besuch des Cestnik-Ateliers ist ebenfalls m\u00f6glich.<\/p>\n<p>Zudem hat er drei Jahre an dem Werkskatalog \u00bbVon der Skizze zu Radierung, Holzschnitt oder \u00d6lbild\u00ab gearbeitet. Ein umfassendes Werk mit 370 Seiten entstand. Den Katalog stellte Cestnik bei der Ausstellungser\u00f6ffnung vor. In Zusammenarbeit mit der Werbeagentur Connect gibt es die M\u00f6glichkeit, DVDs und USB-Sticks mit Erl\u00e4uterungen der Werke zu bekommen. Interessierte k\u00f6nnen sich telefonisch an Rainer Cestnik wenden.<\/p>\n<p>Jeder K\u00fcnstler m\u00fcsse \u00fcber Kreativit\u00e4t und Talent verf\u00fcgen, ohne sie k\u00e4me nie etwas Gutes zusammen, zitierte Cestnik Dr. Klaus-D. Eubel. Franz Cestnik hatte beides umfassend, er war sehr rege und qualifiziert in drei Berufsfeldern: in Radierung, Holzschnitt und \u00d6lmalerei samt ihrer ben\u00f6tigten unterschiedlichen technischen Prozeduren, Werkzeuge und Materialien. Vergleiche man die Zeichnungen mit den endg\u00fcltigen Arbeiten, falle auf, wie sorgf\u00e4ltig schon die Skizzenarbeiten waren. Sie seien so perfekt, dass sie als Kunstwerke auch f\u00fcr sich allein bestehen k\u00f6nnten, sagte einst G\u00fcnter Busch, ehemaliger Direktor der Kunsthalle Bremen.<\/p>\n<p>Rainer Cestnik erkl\u00e4rte, sein Vater war bestrebt, seine Zeichnungen immer wieder neu aufzugreifen, sie zu modifizieren und in immer neuen Radierungen, Holzschnitten und \u00d6lbildern zu variieren. Die \u00dcbertragung erfolgte nie als \u00abnormale\u00ab Reproduktion, sondern immer als bewusstes Transponieren in die spezifischen \u00e4sthetischen Anforderungen der jeweiligen Kunstform.<\/p>\n<p>Auf den ersten Blick scheine die Zeichnung mit dem Frauenkopf von 1978 originalgetreu auf die Druckplatte f\u00fcr die Radierung (1992) kopiert zu sein. Das gelte aber nur f\u00fcr die Strichzeichnung der Silhouette. Die filigrane Ausarbeitung der Aug\u00e4pfel und die zarte Abschattung der Lippen tauchen erst in der Radierung auf. Fatal an der Zinkplatte sei, dass, wenn man sich verrissen habe, man sie wegschmei\u00dfen k\u00f6nnte, erkl\u00e4rte Rainer Cestnik. Filigrane Skizzen erstellte Franz Cestnik oft in der K\u00fcche der eigenen Wohnung, bevor er sie im weiteren Prozess mit Kreide nachzog und sie dann auf Zinkplatte \u00fcbertrug.<br \/>\nBeim Vergleich mit dem fertigen \u00d6lbild \u00bbStillleben mit Palette\u00ab von 1990 erkenne man, dass die komplexe und geheimnisvolle Komposition bis ins Detail schon in der Vorzeichnung von 1987 vorgeplant wurde. Unter anderem sei in der Zeichnung auf der Staffelei schon die noch jungfr\u00e4uliche Farbpalette des Malers aufgeh\u00e4ngt. Etwas im Abseits sehe man ein fertiges Bild und symmetrisch dazu ein offenes Atelierfenster, das wie ein Bilderrahmen wirke.<\/p>\n<p>Eingebaute R\u00e4tsel im Werk entstanden nicht spontan, sondern schon in der Vorplanung. Drei Jahre \u00bbreifte\u00ab die Komposition bis zum fertigen Bild. Zuerst mit Kohle skizziert, wurden dann die Konturen herausgeholt, bevor Cestnik das Bildnis mit \u00d6lfarbe auf Leinwand brachte. Oft nutzte er die R\u00fcckseite f\u00fcr weitere Werke.<\/p>\n<p>Beim Holzschnitt \u00bbFrau mit Vogel\u00ab von 1983 falle zuerst die \u00c4nderung des Formats auf, so Rainer Cestnik. Das Bild sei auf der Holzplatte gr\u00f6\u00dfer als die urspr\u00fcngliche Zeichnung von 1979. Feinf\u00fchlige Abt\u00f6nungen einiger Partien wurden in schroff gegeneinander gesetzte schwarze und farbige Fl\u00e4chen \u00fcberf\u00fchrt. Auch Details wurden ver\u00e4ndert: Die Kugeln der Kette, die die Frau auf der Zeichnung trage, werden in ein kantigeres Ornament umgewandelt, das besser zum Charakter des Holzschnitts passt.<\/p>\n<p>Rainer Cestnik erkl\u00e4rte, dass sein Vater flei\u00dfig und umtriebig war. Zahlreiche Holzschnitte, Radierungen und \u00d6lbilder trug er f\u00fcr den Werkskatalog zusammen. 192 Skizzenbl\u00f6cke seines Vaters mit jeweils 30 Bildern durchforstete er. Zur Betrachtung der Ausstellung \u00fcber Entstehungsprozesse in der Cestnik-Galerie lud er ein.<\/p>\n<p><span class=\"editor rs_skip\">mru<\/span><\/p>\n<hr \/>\n<h3>art\u00b2&#8230;&#8230;.Cestnik-Vernissage<\/h3>\n<p><a href=\"http:\/\/www.tangobruecke.de\/art2.html\">Tangobr\u00fccke 21.03.2010<\/a><\/p>\n<hr \/>\n<p>&nbsp;<\/p>\n<\/div>\n<\/div>\n<\/div>\n<\/div>\n<\/div>\n<\/div>\n<\/div>\n","protected":false},"excerpt":{"rendered":"<p>Ausstellung mit Werken von Franz Cestnik G\u00f6ttinger Tageblatt, 20.7.2018 Radierungen und Holzschnitte des Einbecker K\u00fcnstlers Franz Cestnik (1921 &#8211; 2011) zeigt die Galerie Art Supplement, Burg\u00adstra\u00dfe 37a. Etwa 50 grafische Arbeiten Cestniks werden zu sehen sein, teilt Rainer Cestnik mit, der Sohn des K\u00fcnstlers. Die Ausstellung wird am Sonntag, 22. Juli, um 12 Uhr er\u00f6ffnet. &hellip; <\/p>\n<p class=\"link-more\"><a href=\"http:\/\/blog.art-supplement.de\/?page_id=667\" class=\"more-link\"><span class=\"screen-reader-text\">\u201eFranz Cestnik\u201c <\/span>weiterlesen<\/a><\/p>\n","protected":false},"author":1,"featured_media":0,"parent":185,"menu_order":0,"comment_status":"closed","ping_status":"closed","template":"","meta":{"footnotes":""},"class_list":["post-667","page","type-page","status-publish","hentry","entry"],"aioseo_notices":[],"_links":{"self":[{"href":"http:\/\/blog.art-supplement.de\/index.php?rest_route=\/wp\/v2\/pages\/667","targetHints":{"allow":["GET"]}}],"collection":[{"href":"http:\/\/blog.art-supplement.de\/index.php?rest_route=\/wp\/v2\/pages"}],"about":[{"href":"http:\/\/blog.art-supplement.de\/index.php?rest_route=\/wp\/v2\/types\/page"}],"author":[{"embeddable":true,"href":"http:\/\/blog.art-supplement.de\/index.php?rest_route=\/wp\/v2\/users\/1"}],"replies":[{"embeddable":true,"href":"http:\/\/blog.art-supplement.de\/index.php?rest_route=%2Fwp%2Fv2%2Fcomments&post=667"}],"version-history":[{"count":17,"href":"http:\/\/blog.art-supplement.de\/index.php?rest_route=\/wp\/v2\/pages\/667\/revisions"}],"predecessor-version":[{"id":694,"href":"http:\/\/blog.art-supplement.de\/index.php?rest_route=\/wp\/v2\/pages\/667\/revisions\/694"}],"up":[{"embeddable":true,"href":"http:\/\/blog.art-supplement.de\/index.php?rest_route=\/wp\/v2\/pages\/185"}],"wp:attachment":[{"href":"http:\/\/blog.art-supplement.de\/index.php?rest_route=%2Fwp%2Fv2%2Fmedia&parent=667"}],"curies":[{"name":"wp","href":"https:\/\/api.w.org\/{rel}","templated":true}]}}